{"id":90,"date":"2016-05-09T11:46:11","date_gmt":"2016-05-09T11:46:11","guid":{"rendered":"http:\/\/andritsainalibrary.gr\/cms\/?page_id=90"},"modified":"2026-01-15T15:57:47","modified_gmt":"2026-01-15T12:57:47","slug":"information-centre","status":"publish","type":"page","link":"https:\/\/andritsainalibrary.gr\/fr\/services\/information-centre\/","title":{"rendered":"Centre d&rsquo;information"},"content":{"rendered":"<p><\/p>\n<p>La proposition du Minist\u00e8re de l\u2019\u00c9ducation visant \u00e0 cr\u00e9er un Centre d\u2019information du Public a \u00e9t\u00e9 mise en \u0153uvre sous le programme op\u00e9rationnel \u00ab\u00a0Soci\u00e9t\u00e9 de l&rsquo;information\u00a0\u00bb\u00a0 et un espace moderne et confortable \u00e9quip\u00e9 d&rsquo;ordinateurs est maintenant \u00e0 la disposition du public.<\/p>\n<p>Ses services aux utilisateurs comprennent :<\/p>\n<ul>\n<li>Acc\u00e8s Internet gratuit.<\/li>\n<li>Utilisation de mat\u00e9riaux d&rsquo;information.<\/li>\n<li>Envoi et r\u00e9ception d&rsquo;e-mails.<\/li>\n<li>Utilisation de la suite Office.<\/li>\n<\/ul>\n<p>Le Centre d&rsquo;information du public permet aux visiteurs d&rsquo;explorer la base de connaissances de toutes les biblioth\u00e8ques publiques connect\u00e9es.<\/p>\n<p><strong>GUIDE DU CENTRE D\u2019INFORMATION DU PUBLIC<\/strong><\/p>\n<p>Vous trouverez ici le \u00ab<a href=\"\/services\/information-centre\/guide\/\">Guide du Centre d&rsquo;Information du Public<\/a>\u00bb de la Biblioth\u00e8que Publique d\u2019Andritsaina.<\/p>\n<p><\/p>","protected":false},"excerpt":{"rendered":"<p>La proposition du Minist\u00e8re de l\u2019\u00c9ducation visant \u00e0 cr\u00e9er un Centre d\u2019information du Public a \u00e9t\u00e9 mise en \u0153uvre sous le programme op\u00e9rationnel \u00ab\u00a0Soci\u00e9t\u00e9 de l&rsquo;information\u00a0\u00bb\u00a0 et un espace moderne et confortable \u00e9quip\u00e9 d&rsquo;ordinateurs est maintenant \u00e0 la disposition du public. Ses services aux utilisateurs comprennent : Acc\u00e8s Internet gratuit. Utilisation de mat\u00e9riaux d&rsquo;information. Envoi [&hellip;]<\/p>\n","protected":false},"author":1,"featured_media":0,"parent":82,"menu_order":4,"comment_status":"closed","ping_status":"closed","template":"","meta":[],"_links":{"self":[{"href":"https:\/\/andritsainalibrary.gr\/fr\/wp-json\/wp\/v2\/pages\/90"}],"collection":[{"href":"https:\/\/andritsainalibrary.gr\/fr\/wp-json\/wp\/v2\/pages"}],"about":[{"href":"https:\/\/andritsainalibrary.gr\/fr\/wp-json\/wp\/v2\/types\/page"}],"author":[{"embeddable":true,"href":"https:\/\/andritsainalibrary.gr\/fr\/wp-json\/wp\/v2\/users\/1"}],"replies":[{"embeddable":true,"href":"https:\/\/andritsainalibrary.gr\/fr\/wp-json\/wp\/v2\/comments?post=90"}],"version-history":[{"count":11,"href":"https:\/\/andritsainalibrary.gr\/fr\/wp-json\/wp\/v2\/pages\/90\/revisions"}],"predecessor-version":[{"id":2574,"href":"https:\/\/andritsainalibrary.gr\/fr\/wp-json\/wp\/v2\/pages\/90\/revisions\/2574"}],"up":[{"embeddable":true,"href":"https:\/\/andritsainalibrary.gr\/fr\/wp-json\/wp\/v2\/pages\/82"}],"wp:attachment":[{"href":"https:\/\/andritsainalibrary.gr\/fr\/wp-json\/wp\/v2\/media?parent=90"}],"curies":[{"name":"wp","href":"https:\/\/api.w.org\/{rel}","templated":true}]}}