{"id":9,"date":"2016-05-09T09:33:38","date_gmt":"2016-05-09T09:33:38","guid":{"rendered":"http:\/\/andritsainalibrary.gr\/cms\/?page_id=9"},"modified":"2025-06-20T11:52:29","modified_gmt":"2025-06-20T08:52:29","slug":"information","status":"publish","type":"page","link":"https:\/\/andritsainalibrary.gr\/fr\/library\/information\/","title":{"rendered":"Informations"},"content":{"rendered":"<p><\/p>\n<p style=\"text-align: justify;\">La Biblioth\u00e8que Publique Historique d\u2019Andritsaina est un \u00e9difice d\u00e9pendant du minist\u00e8re de l&rsquo;Education, selon la loi 3149\/10.06.2003 \u00ab Biblioth\u00e8que Nationale de la Gr\u00e8ce, Biblioth\u00e8ques Publiques et autres dispositions \u00bb. C\u2019est un b\u00e2timent n\u00e9oclassique situ\u00e9 \u00e0 l&rsquo;entr\u00e9e est de la ville.<\/p>\n<p style=\"text-align: justify;\">La biblioth\u00e8que renferme les collections remarquables de \u00ab Konstantinos &#8211; Agathofronas Nikolopoulos \u00bb et des versions rares des premi\u00e8res ann\u00e9es de l&rsquo;impression de \u00ab Evangelos Kallianiotis \u00bb. Elle compte aussi une exposition de moules en pl\u00e2tre de la frise du Temple d\u2019Apollon Epikouros (don du British Museum en 1963) et une archive historique avec des manuscrits de la R\u00e9volution grecque et de la p\u00e9riode post-r\u00e9volutionnaire.<\/p>\n<p style=\"text-align: justify;\">Vous y trouverez \u00e9galement une salle d&rsquo;\u00e9tude ouverte tous les jours, un service de pr\u00eat et un centre d&rsquo;information.<\/p>\n<p style=\"text-align: justify;\">La biblioth\u00e8que est accessible au public du mardi au samedi de 8h00 \u00e0 14h00.<\/p>\n<p style=\"text-align: justify;\">\u00a0<\/p>\n<p style=\"text-align: justify;\"><strong>Mission &#8211; Objectifs<\/strong><\/p>\n<p style=\"text-align: justify;\">La Biblioth\u00e8que Publique Historique d\u2019Andritsaina est un centre de contact et d\u2019information, offrant une vari\u00e9t\u00e9 de services au travers de ses diff\u00e9rentes sections. En r\u00e9ponse \u00e0 tous les besoins d&rsquo;information, de recherche, aux demandes \u00e9ducatives et culturelles du public, la biblioth\u00e8que conserve des archives (journaux, revues, etc.) et des documents concernant l\u2019histoire mondiale.<\/p>\n<p style=\"text-align: justify;\">Le personnel d\u00e9ploie des efforts constants pour promouvoir la lecture sous toutes ses formes, ce qui permet de transmettre des savoirs, d\u2019\u00e9largir ses connaissances tout en pr\u00e9servant le patrimoine culturel local. Les ouvrages \u00e0 disposition offrent un compl\u00e9ment d\u2019information \u00e0 la pratique \u00e9ducative en s\u2019appuyant sur les objectifs fix\u00e9s par le Minist\u00e8re de l&rsquo;\u00e9ducation et des Affaires religieuses. De plus, la biblioth\u00e8que offre \u00e0 ses utilisateurs un acc\u00e8s aux nouvelles technologies. Elle participe \u00e0 la mise en \u0153uvre des programmes de l\u2019Union europ\u00e9enne, tels que \u00ab Soci\u00e9t\u00e9 de l&rsquo;information \u00bb.<\/p>\n<p><\/p>","protected":false},"excerpt":{"rendered":"<p>La Biblioth\u00e8que Publique Historique d\u2019Andritsaina est un \u00e9difice d\u00e9pendant du minist\u00e8re de l&rsquo;Education, selon la loi 3149\/10.06.2003 \u00ab Biblioth\u00e8que Nationale de la Gr\u00e8ce, Biblioth\u00e8ques Publiques et autres dispositions \u00bb. C\u2019est un b\u00e2timent n\u00e9oclassique situ\u00e9 \u00e0 l&rsquo;entr\u00e9e est de la ville. La biblioth\u00e8que renferme les collections remarquables de \u00ab Konstantinos &#8211; Agathofronas Nikolopoulos \u00bb et des [&hellip;]<\/p>\n","protected":false},"author":1,"featured_media":121,"parent":7,"menu_order":1,"comment_status":"closed","ping_status":"closed","template":"","meta":[],"_links":{"self":[{"href":"https:\/\/andritsainalibrary.gr\/fr\/wp-json\/wp\/v2\/pages\/9"}],"collection":[{"href":"https:\/\/andritsainalibrary.gr\/fr\/wp-json\/wp\/v2\/pages"}],"about":[{"href":"https:\/\/andritsainalibrary.gr\/fr\/wp-json\/wp\/v2\/types\/page"}],"author":[{"embeddable":true,"href":"https:\/\/andritsainalibrary.gr\/fr\/wp-json\/wp\/v2\/users\/1"}],"replies":[{"embeddable":true,"href":"https:\/\/andritsainalibrary.gr\/fr\/wp-json\/wp\/v2\/comments?post=9"}],"version-history":[{"count":10,"href":"https:\/\/andritsainalibrary.gr\/fr\/wp-json\/wp\/v2\/pages\/9\/revisions"}],"predecessor-version":[{"id":2269,"href":"https:\/\/andritsainalibrary.gr\/fr\/wp-json\/wp\/v2\/pages\/9\/revisions\/2269"}],"up":[{"embeddable":true,"href":"https:\/\/andritsainalibrary.gr\/fr\/wp-json\/wp\/v2\/pages\/7"}],"wp:featuredmedia":[{"embeddable":true,"href":"https:\/\/andritsainalibrary.gr\/fr\/wp-json\/wp\/v2\/media\/121"}],"wp:attachment":[{"href":"https:\/\/andritsainalibrary.gr\/fr\/wp-json\/wp\/v2\/media?parent=9"}],"curies":[{"name":"wp","href":"https:\/\/api.w.org\/{rel}","templated":true}]}}