{"id":86,"date":"2016-05-09T11:41:14","date_gmt":"2016-05-09T11:41:14","guid":{"rendered":"http:\/\/andritsainalibrary.gr\/cms\/?page_id=86"},"modified":"2026-01-15T15:54:31","modified_gmt":"2026-01-15T12:54:31","slug":"research","status":"publish","type":"page","link":"https:\/\/andritsainalibrary.gr\/fr\/services\/research\/","title":{"rendered":"Recherche"},"content":{"rendered":"<p><\/p>\n<p>Les chercheurs-\u00e9tudiants peuvent acc\u00e9der \u00e0 la biblioth\u00e8que selon les termes du <a href=\"\/library\/administration\/operating-guide\/\">Guide de la biblioth\u00e8que.<\/a>.<\/p>\n<p>La consultation-\u00e9tude d\u2019\u00e9ditions et manuscrits anciens et rares appartenant aux collections n\u2019est possible que dans la salle de lecture, avec l&rsquo;autorisation et sous la supervision du personnel de la Biblioth\u00e8que, apr\u00e8s avoir soumis vos coordonn\u00e9es \u00e0 l&#8217;employ\u00e9 comp\u00e9tent.<\/p>\n<p><\/p>","protected":false},"excerpt":{"rendered":"<p>Les chercheurs-\u00e9tudiants peuvent acc\u00e9der \u00e0 la biblioth\u00e8que selon les termes du Guide de la biblioth\u00e8que.. La consultation-\u00e9tude d\u2019\u00e9ditions et manuscrits anciens et rares appartenant aux collections n\u2019est possible que dans la salle de lecture, avec l&rsquo;autorisation et sous la supervision du personnel de la Biblioth\u00e8que, apr\u00e8s avoir soumis vos coordonn\u00e9es \u00e0 l&#8217;employ\u00e9 comp\u00e9tent.<\/p>\n","protected":false},"author":1,"featured_media":0,"parent":82,"menu_order":2,"comment_status":"closed","ping_status":"closed","template":"","meta":[],"_links":{"self":[{"href":"https:\/\/andritsainalibrary.gr\/fr\/wp-json\/wp\/v2\/pages\/86"}],"collection":[{"href":"https:\/\/andritsainalibrary.gr\/fr\/wp-json\/wp\/v2\/pages"}],"about":[{"href":"https:\/\/andritsainalibrary.gr\/fr\/wp-json\/wp\/v2\/types\/page"}],"author":[{"embeddable":true,"href":"https:\/\/andritsainalibrary.gr\/fr\/wp-json\/wp\/v2\/users\/1"}],"replies":[{"embeddable":true,"href":"https:\/\/andritsainalibrary.gr\/fr\/wp-json\/wp\/v2\/comments?post=86"}],"version-history":[{"count":5,"href":"https:\/\/andritsainalibrary.gr\/fr\/wp-json\/wp\/v2\/pages\/86\/revisions"}],"predecessor-version":[{"id":2572,"href":"https:\/\/andritsainalibrary.gr\/fr\/wp-json\/wp\/v2\/pages\/86\/revisions\/2572"}],"up":[{"embeddable":true,"href":"https:\/\/andritsainalibrary.gr\/fr\/wp-json\/wp\/v2\/pages\/82"}],"wp:attachment":[{"href":"https:\/\/andritsainalibrary.gr\/fr\/wp-json\/wp\/v2\/media?parent=86"}],"curies":[{"name":"wp","href":"https:\/\/api.w.org\/{rel}","templated":true}]}}