{"id":771,"date":"2018-07-19T12:16:22","date_gmt":"2018-07-19T09:16:22","guid":{"rendered":"http:\/\/andritsainalibrary.gr\/?page_id=771"},"modified":"2026-01-15T15:36:52","modified_gmt":"2026-01-15T12:36:52","slug":"swiss-association","status":"publish","type":"page","link":"https:\/\/andritsainalibrary.gr\/fr\/library\/swiss-association\/","title":{"rendered":"Association suisse des amis de la biblioth\u00e8que historique d&rsquo;Andritsena"},"content":{"rendered":"<p><\/p>\n<p data-start=\"141\" data-end=\"477\">\u00c0 Fribourg, en Suisse, notre concitoyen Panagiotis Petropoulos a mobilis\u00e9 ses amis suisses pour soutenir l\u2019\u0153uvre de conservation et d\u2019am\u00e9lioration de la Biblioth\u00e8que historique afin d\u2019enrichir ses fonds et de l\u2019\u00e9quiper, pour que son espace puisse correspondre aux manuscrits rares et aux \u00e9ditions de valeur inestimable qu\u2019elle abrite.<\/p>\n<p data-start=\"479\" data-end=\"816\">En 1987, deux associations fraternelles sont fond\u00e9es : \u00ab l\u2019Association Suisse des Amis de la Biblioth\u00e8que d\u2019Andritsaina \u00bb, avec si\u00e8ge \u00e0 Fribourg, en Suisse, et \u00ab l\u2019Association Panhell\u00e9nique des Amis de la Biblioth\u00e8que d\u2019Andritsaina \u00bb en Gr\u00e8ce, avec l\u2019objectif commun de prot\u00e9ger la richesse culturelle de la Biblioth\u00e8que d\u2019Andritsaina.<\/p>\n<p data-start=\"818\" data-end=\"1109\">En trente ans, une coop\u00e9ration fructueuse a \u00e9t\u00e9 d\u00e9velopp\u00e9e entre ces Associations, la Biblioth\u00e8que et toutes les institutions qui ont adh\u00e9r\u00e9 aux desseins de Konstantinos Nikolopoulos et de Panagiotis Petropoulos. Dans le cadre de leur coop\u00e9ration, les actions suivantes ont \u00e9t\u00e9 r\u00e9alis\u00e9es :<\/p>\n<p data-start=\"1111\" data-end=\"1230\">\u2013 Coop\u00e9ration avec toutes les institutions concern\u00e9es pour accomplir les travaux dans le b\u00e2timent de la Biblioth\u00e8que.<\/p>\n<p data-start=\"1232\" data-end=\"1389\">\u2013 Fabrication des vitrines en bois, suivant les sp\u00e9cifications qui assurent les conditions id\u00e9ales pour la conservation des collections de la Biblioth\u00e8que.<\/p>\n<p data-start=\"1391\" data-end=\"1639\">\u2013 \u00c9quipement de l\u2019atelier sp\u00e9cialis\u00e9 de restauration de livres dans l\u2019espace de la Biblioth\u00e8que, pour restaurer les livres historiques de la Collection Nikolopoulos ; l\u2019atelier fonctionne \u00e0 ce jour exclusivement aux frais de l\u2019Association suisse.<\/p>\n<p data-start=\"1641\" data-end=\"2075\">En 2012, l\u2019Association suisse prend la d\u00e9cision de poursuivre les objectifs d\u00e9finis par Panagiotis Petropoulos, c\u2019est-\u00e0-dire la coop\u00e9ration entre la Gr\u00e8ce et la Suisse. Consid\u00e9rant que le tr\u00e9sor conserv\u00e9 \u00e0 la Biblioth\u00e8que fait partie de l\u2019H\u00e9ritage culturel europ\u00e9en, tous les membres de l\u2019Association soutiennent la mission de la Biblioth\u00e8que en finan\u00e7ant la restauration des livres historiques de la Donation \u00ab \u039a.\u0391. NIKOLOPOULOS \u00bb.<\/p>\n<p data-start=\"2077\" data-end=\"2342\">La Biblioth\u00e8que publique historique d\u2019Andritsaina remercie cordialement \u00ab l\u2019Association suisse des Amis de la Biblioth\u00e8que d\u2019Andritsaina \u00bb et \u00ab l\u2019Association panhell\u00e9nique des Amis de la Biblioth\u00e8que d\u2019Andritsaina \u00bb pour leur contribution pr\u00e9cieuse jusqu\u2019\u00e0 ce jour.<\/p>\n<p>&nbsp;<\/p>\n<p><\/p>","protected":false},"excerpt":{"rendered":"<p>\u00c0 Fribourg, en Suisse, notre concitoyen Panagiotis Petropoulos a mobilis\u00e9 ses amis suisses pour soutenir l\u2019\u0153uvre de conservation et d\u2019am\u00e9lioration de la Biblioth\u00e8que historique afin d\u2019enrichir ses fonds et de l\u2019\u00e9quiper, pour que son espace puisse correspondre aux manuscrits rares et aux \u00e9ditions de valeur inestimable qu\u2019elle abrite. En 1987, deux associations fraternelles sont fond\u00e9es [&hellip;]<\/p>\n","protected":false},"author":1,"featured_media":0,"parent":7,"menu_order":0,"comment_status":"closed","ping_status":"closed","template":"","meta":[],"_links":{"self":[{"href":"https:\/\/andritsainalibrary.gr\/fr\/wp-json\/wp\/v2\/pages\/771"}],"collection":[{"href":"https:\/\/andritsainalibrary.gr\/fr\/wp-json\/wp\/v2\/pages"}],"about":[{"href":"https:\/\/andritsainalibrary.gr\/fr\/wp-json\/wp\/v2\/types\/page"}],"author":[{"embeddable":true,"href":"https:\/\/andritsainalibrary.gr\/fr\/wp-json\/wp\/v2\/users\/1"}],"replies":[{"embeddable":true,"href":"https:\/\/andritsainalibrary.gr\/fr\/wp-json\/wp\/v2\/comments?post=771"}],"version-history":[{"count":5,"href":"https:\/\/andritsainalibrary.gr\/fr\/wp-json\/wp\/v2\/pages\/771\/revisions"}],"predecessor-version":[{"id":2565,"href":"https:\/\/andritsainalibrary.gr\/fr\/wp-json\/wp\/v2\/pages\/771\/revisions\/2565"}],"up":[{"embeddable":true,"href":"https:\/\/andritsainalibrary.gr\/fr\/wp-json\/wp\/v2\/pages\/7"}],"wp:attachment":[{"href":"https:\/\/andritsainalibrary.gr\/fr\/wp-json\/wp\/v2\/media?parent=771"}],"curies":[{"name":"wp","href":"https:\/\/api.w.org\/{rel}","templated":true}]}}