{"id":51,"date":"2016-05-09T10:32:28","date_gmt":"2016-05-09T10:32:28","guid":{"rendered":"http:\/\/andritsainalibrary.gr\/cms\/?page_id=51"},"modified":"2026-01-15T15:42:40","modified_gmt":"2026-01-15T12:42:40","slug":"euaggelou-kallianioti","status":"publish","type":"page","link":"https:\/\/andritsainalibrary.gr\/fr\/collections\/euaggelou-kallianioti\/","title":{"rendered":"Collection \u00ab\u00a0Evangelos Kallianiotis\u00a0\u00bb"},"content":{"rendered":"<p><\/p>\n<p>Evangelos Kallianiotis \u00e9tait un autre donateur majeur. Cette biblioth\u00e8que priv\u00e9e, apr\u00e8s des ann\u00e9es d&rsquo;attente, a \u00e9t\u00e9 accueillie dans la Biblioth\u00e8que historique d\u2019Andritsaina.<\/p>\n<p>Evangelos Kallianiotis, fils de Dimitrios, est n\u00e9 le 4 ao\u00fbt 1888 \u00e0 Stemnitsa, en Arcadie. Il a pass\u00e9 son enfance \u00e0 Stemnitsa. Il a fr\u00e9quent\u00e9 l&rsquo;\u00e9cole primaire de Stemnitsa et le Gymnasion de Dimitsana.<\/p>\n<p>A l\u2019\u00e2ge de 17 ans (1905), il est parti en Am\u00e9rique et s\u2019est install\u00e9s \u00e0 Boston, o\u00f9 il v\u00e9cut jusqu&rsquo;en 1967. Selon les informations proportionn\u00e9es par Mme Paraskevi Fotinopoulou (sa petite-fille), au cours de son long s\u00e9jour \u00e0 Boston :\u00a0\u00a0\u00a0\u00a0\u00a0\u00a0\u00a0\u00a0\u00a0\u00a0\u00a0<\/p>\n<ul>\n<li>Il s\u2019est engag\u00e9 comme <strong>l\u00e9gionnaire<\/strong> \u00e0 l&rsquo;arm\u00e9e am\u00e9ricaine et est all\u00e9 en France.<\/li>\n<li>Il \u00e9tait engag\u00e9 dans le monde des <strong>Lettres<\/strong> et de la <strong>Philosophie<\/strong>.<\/li>\n<li>Il travaillait dans les milieu des <strong>affaires<\/strong> en montant des \u00e9tablissements de vente d\u2019aliments et de boissons au d\u00e9tail.<\/li>\n<li>Il \u00e9tait <strong>bibliophile<\/strong> et <strong>collectionneur de livres<\/strong> avide et a ainsi cr\u00e9\u00e9 <strong>une biblioth\u00e8que priv\u00e9e<\/strong> de 4 341 volumes.<\/li>\n<\/ul>\n<p>En 1967, il rentre en Gr\u00e8ce et s\u2019installe \u00e0 Ath\u00e8nes. En 1970, il s\u2019installe \u00e0 Stemnitsa par amour de la nature, jusqu&rsquo;\u00e0 sa mort (22\/08\/1981).\u00a0 Pendant son s\u00e9jour \u00e0 Stemnitsa (1970 &#8211; 1981), il contribu\u00e9 financi\u00e8rement \u00e0 la promotion et \u00e0 la r\u00e9solution des questions relatives \u00e0 la communaut\u00e9 locale.<\/p>\n<p>L\u2019ancien directeur de la Biblioth\u00e8que d\u2019Andritsaina, Dimitrios Pringouris, a contribu\u00e9 de sorte \u00e0 ce qu\u2019Evangelos Kallianiotis puisse faire le don de sa biblioth\u00e8que \u00e0 Andritsaina. En 1983, les uniques h\u00e9ritiers de la succession d\u2019E. Kallianiotis, Tryfon et Georgia Fotinopoulos, ont effectu\u00e9 la donation par acte notari\u00e9 \u00e0 la Biblioth\u00e8que d\u2019Andritsaina de sa collection priv\u00e9e de livres, qui a \u00e9t\u00e9 accept\u00e9e par le Directeur Dimitrios Pringouris. La collection priv\u00e9e est constitu\u00e9e de 4 341 volumes et contient un nombre important de titres rares et pr\u00e9cieux.<\/p>\n<p>La collection \u00ab\u00a0E. Kallianiotis\u00a0\u00bb est aujourd&rsquo;hui expos\u00e9e dans une pi\u00e8ce autonome portant le nom du bienfaiteur. En 2004, l\u2019Association panhell\u00e9nique des Amis de la Biblioth\u00e8que d\u2019Andritsaina (Ath\u00e8nes-Fribourg) a fait don du mobilier qui abrite la collection.<\/p>\n<style type=\"text\/css\">\r\n\t#foogallery-gallery-711_2 .fg-image {\r\n        width: 300px;\r\n    }\r\n<\/style>\r\n\t\t\t\t<div class=\"foogallery foogallery-container foogallery-default foogallery-lightbox-foogallery fg-gutter-10 fg-center fg-default fg-light fg-border-thin fg-shadow-outline fg-loading-default fg-loaded-fade-in fg-caption-hover fg-hover-fade fg-hover-zoom fg-ready\" id=\"foogallery-gallery-711_2\" data-foogallery=\"{&quot;item&quot;:{&quot;showCaptionTitle&quot;:true,&quot;showCaptionDescription&quot;:true},&quot;lazy&quot;:true}\" data-foogallery-lightbox=\"{&quot;thumbs&quot;:&quot;bottom&quot;,&quot;thumbsCaptions&quot;:false,&quot;thumbsBestFit&quot;:false,&quot;thumbsSmall&quot;:false,&quot;thumbsCaptionsAlign&quot;:&quot;default&quot;,&quot;info&quot;:&quot;bottom&quot;,&quot;infoVisible&quot;:true,&quot;infoOverlay&quot;:true,&quot;infoAlign&quot;:&quot;default&quot;,&quot;transition&quot;:&quot;fade&quot;,&quot;hoverButtons&quot;:false,&quot;fitMedia&quot;:false,&quot;noScrollbars&quot;:true,&quot;preserveButtonSpace&quot;:true,&quot;buttons&quot;:{&quot;fullscreen&quot;:true,&quot;info&quot;:true,&quot;thumbs&quot;:false},&quot;video&quot;:{&quot;autoPlay&quot;:true}}\" >\r\n\t<div class=\"fg-item fg-type-image fg-idle\"><figure class=\"fg-item-inner\"><a href=\"https:\/\/andritsainalibrary.gr\/cms\/wp-content\/uploads\/kallian-2018-1.jpg\" data-caption-title=\"\u03a3\u03c5\u03bb\u03bb\u03bf\u03b3\u03ae \u00ab\u0395\u03c5\u03ac\u03b3\u03b3\u03b5\u03bb\u03bf\u03c5 \u039a\u03b1\u03bb\u03bb\u03b9\u03b1\u03bd\u03b9\u03ce\u03c4\u03b7\u00bb\" data-attachment-id=\"712\" data-type=\"image\" class=\"fg-thumb\"><span class=\"fg-image-wrap\"><img title=\"\u03a3\u03c5\u03bb\u03bb\u03bf\u03b3\u03ae \u00ab\u0395\u03c5\u03ac\u03b3\u03b3\u03b5\u03bb\u03bf\u03c5 \u039a\u03b1\u03bb\u03bb\u03b9\u03b1\u03bd\u03b9\u03ce\u03c4\u03b7\u00bb\" width=\"300\" height=\"300\" class=\"skip-lazy fg-image\" data-src-fg=\"https:\/\/andritsainalibrary.gr\/cms\/wp-content\/uploads\/cache\/kallian-2018-1\/966200673.jpg\" src=\"data:image\/svg+xml,%3Csvg%20xmlns%3D%22http%3A%2F%2Fwww.w3.org%2F2000%2Fsvg%22%20width%3D%22300%22%20height%3D%22300%22%20viewBox%3D%220%200%20300%20300%22%3E%3C%2Fsvg%3E\" loading=\"eager\"><\/span><span class=\"fg-image-overlay\"><\/span><\/a><figcaption class=\"fg-caption\"><div class=\"fg-caption-inner\"><div class=\"fg-caption-title\">\u03a3\u03c5\u03bb\u03bb\u03bf\u03b3\u03ae \u00ab\u0395\u03c5\u03ac\u03b3\u03b3\u03b5\u03bb\u03bf\u03c5 \u039a\u03b1\u03bb\u03bb\u03b9\u03b1\u03bd\u03b9\u03ce\u03c4\u03b7\u00bb<\/div><\/div><\/figcaption><\/figure><div class=\"fg-loader\"><\/div><\/div><div class=\"fg-item fg-type-image fg-idle\"><figure class=\"fg-item-inner\"><a href=\"https:\/\/andritsainalibrary.gr\/cms\/wp-content\/uploads\/kallian-2018-2.jpg\" data-attachment-id=\"713\" data-type=\"image\" class=\"fg-thumb\"><span class=\"fg-image-wrap\"><img width=\"300\" height=\"300\" class=\"skip-lazy fg-image\" data-src-fg=\"https:\/\/andritsainalibrary.gr\/cms\/wp-content\/uploads\/cache\/kallian-2018-2\/4000614147.jpg\" src=\"data:image\/svg+xml,%3Csvg%20xmlns%3D%22http%3A%2F%2Fwww.w3.org%2F2000%2Fsvg%22%20width%3D%22300%22%20height%3D%22300%22%20viewBox%3D%220%200%20300%20300%22%3E%3C%2Fsvg%3E\" loading=\"eager\"><\/span><span class=\"fg-image-overlay\"><\/span><\/a><figcaption class=\"fg-caption\"><div class=\"fg-caption-inner\"><\/div><\/figcaption><\/figure><div class=\"fg-loader\"><\/div><\/div><div class=\"fg-item fg-type-image fg-idle\"><figure class=\"fg-item-inner\"><a href=\"https:\/\/andritsainalibrary.gr\/cms\/wp-content\/uploads\/kallian-2018-3.jpg\" data-attachment-id=\"714\" data-type=\"image\" class=\"fg-thumb\"><span class=\"fg-image-wrap\"><img width=\"300\" height=\"300\" class=\"skip-lazy fg-image\" data-src-fg=\"https:\/\/andritsainalibrary.gr\/cms\/wp-content\/uploads\/cache\/kallian-2018-3\/2007507291.jpg\" src=\"data:image\/svg+xml,%3Csvg%20xmlns%3D%22http%3A%2F%2Fwww.w3.org%2F2000%2Fsvg%22%20width%3D%22300%22%20height%3D%22300%22%20viewBox%3D%220%200%20300%20300%22%3E%3C%2Fsvg%3E\" loading=\"eager\"><\/span><span class=\"fg-image-overlay\"><\/span><\/a><figcaption class=\"fg-caption\"><div class=\"fg-caption-inner\"><\/div><\/figcaption><\/figure><div class=\"fg-loader\"><\/div><\/div><div class=\"fg-item fg-type-image fg-idle\"><figure class=\"fg-item-inner\"><a href=\"https:\/\/andritsainalibrary.gr\/cms\/wp-content\/uploads\/kallian-2018-4.jpg\" data-attachment-id=\"715\" data-type=\"image\" class=\"fg-thumb\"><span class=\"fg-image-wrap\"><img width=\"300\" height=\"300\" class=\"skip-lazy fg-image\" data-src-fg=\"https:\/\/andritsainalibrary.gr\/cms\/wp-content\/uploads\/cache\/kallian-2018-4\/604087747.jpg\" src=\"data:image\/svg+xml,%3Csvg%20xmlns%3D%22http%3A%2F%2Fwww.w3.org%2F2000%2Fsvg%22%20width%3D%22300%22%20height%3D%22300%22%20viewBox%3D%220%200%20300%20300%22%3E%3C%2Fsvg%3E\" loading=\"eager\"><\/span><span class=\"fg-image-overlay\"><\/span><\/a><figcaption class=\"fg-caption\"><div class=\"fg-caption-inner\"><\/div><\/figcaption><\/figure><div class=\"fg-loader\"><\/div><\/div><div class=\"fg-item fg-type-image fg-idle\"><figure class=\"fg-item-inner\"><a href=\"https:\/\/andritsainalibrary.gr\/cms\/wp-content\/uploads\/kallian-2018-5.jpg\" data-caption-title=\"\u03a3\u03c5\u03bb\u03bb\u03bf\u03b3\u03ae \u00ab\u0395\u03c5\u03ac\u03b3\u03b3\u03b5\u03bb\u03bf\u03c5 \u039a\u03b1\u03bb\u03bb\u03b9\u03b1\u03bd\u03b9\u03ce\u03c4\u03b7\u00bb\" data-attachment-id=\"716\" data-type=\"image\" class=\"fg-thumb\"><span class=\"fg-image-wrap\"><img title=\"\u03a3\u03c5\u03bb\u03bb\u03bf\u03b3\u03ae \u00ab\u0395\u03c5\u03ac\u03b3\u03b3\u03b5\u03bb\u03bf\u03c5 \u039a\u03b1\u03bb\u03bb\u03b9\u03b1\u03bd\u03b9\u03ce\u03c4\u03b7\u00bb\" width=\"300\" height=\"300\" class=\"skip-lazy fg-image\" data-src-fg=\"https:\/\/andritsainalibrary.gr\/cms\/wp-content\/uploads\/cache\/kallian-2018-5\/52311006.jpg\" src=\"data:image\/svg+xml,%3Csvg%20xmlns%3D%22http%3A%2F%2Fwww.w3.org%2F2000%2Fsvg%22%20width%3D%22300%22%20height%3D%22300%22%20viewBox%3D%220%200%20300%20300%22%3E%3C%2Fsvg%3E\" loading=\"eager\"><\/span><span class=\"fg-image-overlay\"><\/span><\/a><figcaption class=\"fg-caption\"><div class=\"fg-caption-inner\"><div class=\"fg-caption-title\">\u03a3\u03c5\u03bb\u03bb\u03bf\u03b3\u03ae \u00ab\u0395\u03c5\u03ac\u03b3\u03b3\u03b5\u03bb\u03bf\u03c5 \u039a\u03b1\u03bb\u03bb\u03b9\u03b1\u03bd\u03b9\u03ce\u03c4\u03b7\u00bb<\/div><\/div><\/figcaption><\/figure><div class=\"fg-loader\"><\/div><\/div><div class=\"fg-item fg-type-image fg-idle\"><figure class=\"fg-item-inner\"><a href=\"https:\/\/andritsainalibrary.gr\/cms\/wp-content\/uploads\/kallian-2018-6.jpg\" data-attachment-id=\"717\" data-type=\"image\" class=\"fg-thumb\"><span class=\"fg-image-wrap\"><img width=\"300\" height=\"300\" class=\"skip-lazy fg-image\" data-src-fg=\"https:\/\/andritsainalibrary.gr\/cms\/wp-content\/uploads\/cache\/kallian-2018-6\/3573397948.jpg\" src=\"data:image\/svg+xml,%3Csvg%20xmlns%3D%22http%3A%2F%2Fwww.w3.org%2F2000%2Fsvg%22%20width%3D%22300%22%20height%3D%22300%22%20viewBox%3D%220%200%20300%20300%22%3E%3C%2Fsvg%3E\" loading=\"eager\"><\/span><span class=\"fg-image-overlay\"><\/span><\/a><figcaption class=\"fg-caption\"><div class=\"fg-caption-inner\"><\/div><\/figcaption><\/figure><div class=\"fg-loader\"><\/div><\/div><div class=\"fg-item fg-type-image fg-idle\"><figure class=\"fg-item-inner\"><a href=\"https:\/\/andritsainalibrary.gr\/cms\/wp-content\/uploads\/kallian-2018-7.jpg\" data-attachment-id=\"718\" data-type=\"image\" class=\"fg-thumb\"><span class=\"fg-image-wrap\"><img width=\"300\" height=\"300\" class=\"skip-lazy fg-image\" data-src-fg=\"https:\/\/andritsainalibrary.gr\/cms\/wp-content\/uploads\/cache\/kallian-2018-7\/3956701487.jpg\" src=\"data:image\/svg+xml,%3Csvg%20xmlns%3D%22http%3A%2F%2Fwww.w3.org%2F2000%2Fsvg%22%20width%3D%22300%22%20height%3D%22300%22%20viewBox%3D%220%200%20300%20300%22%3E%3C%2Fsvg%3E\" loading=\"eager\"><\/span><span class=\"fg-image-overlay\"><\/span><\/a><figcaption class=\"fg-caption\"><div class=\"fg-caption-inner\"><\/div><\/figcaption><\/figure><div class=\"fg-loader\"><\/div><\/div><div class=\"fg-item fg-type-image fg-idle\"><figure class=\"fg-item-inner\"><a href=\"https:\/\/andritsainalibrary.gr\/cms\/wp-content\/uploads\/kallian-2018-8.jpg\" data-attachment-id=\"719\" data-type=\"image\" class=\"fg-thumb\"><span class=\"fg-image-wrap\"><img width=\"300\" height=\"300\" class=\"skip-lazy fg-image\" data-src-fg=\"https:\/\/andritsainalibrary.gr\/cms\/wp-content\/uploads\/cache\/kallian-2018-8\/1805313538.jpg\" src=\"data:image\/svg+xml,%3Csvg%20xmlns%3D%22http%3A%2F%2Fwww.w3.org%2F2000%2Fsvg%22%20width%3D%22300%22%20height%3D%22300%22%20viewBox%3D%220%200%20300%20300%22%3E%3C%2Fsvg%3E\" loading=\"eager\"><\/span><span class=\"fg-image-overlay\"><\/span><\/a><figcaption class=\"fg-caption\"><div class=\"fg-caption-inner\"><\/div><\/figcaption><\/figure><div class=\"fg-loader\"><\/div><\/div><div class=\"fg-item fg-type-image fg-idle\"><figure class=\"fg-item-inner\"><a href=\"https:\/\/andritsainalibrary.gr\/cms\/wp-content\/uploads\/kallian-2018-9.jpg\" data-caption-title=\"\u03a3\u03c5\u03bb\u03bb\u03bf\u03b3\u03ae \u00ab\u0395\u03c5\u03ac\u03b3\u03b3\u03b5\u03bb\u03bf\u03c5 \u039a\u03b1\u03bb\u03bb\u03b9\u03b1\u03bd\u03b9\u03ce\u03c4\u03b7\u00bb\" data-attachment-id=\"720\" data-type=\"image\" class=\"fg-thumb\"><span class=\"fg-image-wrap\"><img title=\"\u03a3\u03c5\u03bb\u03bb\u03bf\u03b3\u03ae \u00ab\u0395\u03c5\u03ac\u03b3\u03b3\u03b5\u03bb\u03bf\u03c5 \u039a\u03b1\u03bb\u03bb\u03b9\u03b1\u03bd\u03b9\u03ce\u03c4\u03b7\u00bb\" width=\"300\" height=\"300\" class=\"skip-lazy fg-image\" data-src-fg=\"https:\/\/andritsainalibrary.gr\/cms\/wp-content\/uploads\/cache\/kallian-2018-9\/754019034.jpg\" src=\"data:image\/svg+xml,%3Csvg%20xmlns%3D%22http%3A%2F%2Fwww.w3.org%2F2000%2Fsvg%22%20width%3D%22300%22%20height%3D%22300%22%20viewBox%3D%220%200%20300%20300%22%3E%3C%2Fsvg%3E\" loading=\"eager\"><\/span><span class=\"fg-image-overlay\"><\/span><\/a><figcaption class=\"fg-caption\"><div class=\"fg-caption-inner\"><div class=\"fg-caption-title\">\u03a3\u03c5\u03bb\u03bb\u03bf\u03b3\u03ae \u00ab\u0395\u03c5\u03ac\u03b3\u03b3\u03b5\u03bb\u03bf\u03c5 \u039a\u03b1\u03bb\u03bb\u03b9\u03b1\u03bd\u03b9\u03ce\u03c4\u03b7\u00bb<\/div><\/div><\/figcaption><\/figure><div class=\"fg-loader\"><\/div><\/div><\/div>\r\n\n<p><\/p>","protected":false},"excerpt":{"rendered":"<p>Evangelos Kallianiotis \u00e9tait un autre donateur majeur. Cette biblioth\u00e8que priv\u00e9e, apr\u00e8s des ann\u00e9es d&rsquo;attente, a \u00e9t\u00e9 accueillie dans la Biblioth\u00e8que historique d\u2019Andritsaina. Evangelos Kallianiotis, fils de Dimitrios, est n\u00e9 le 4 ao\u00fbt 1888 \u00e0 Stemnitsa, en Arcadie. Il a pass\u00e9 son enfance \u00e0 Stemnitsa. Il a fr\u00e9quent\u00e9 l&rsquo;\u00e9cole primaire de Stemnitsa et le Gymnasion de [&hellip;]<\/p>\n","protected":false},"author":1,"featured_media":0,"parent":41,"menu_order":2,"comment_status":"closed","ping_status":"closed","template":"","meta":[],"_links":{"self":[{"href":"https:\/\/andritsainalibrary.gr\/fr\/wp-json\/wp\/v2\/pages\/51"}],"collection":[{"href":"https:\/\/andritsainalibrary.gr\/fr\/wp-json\/wp\/v2\/pages"}],"about":[{"href":"https:\/\/andritsainalibrary.gr\/fr\/wp-json\/wp\/v2\/types\/page"}],"author":[{"embeddable":true,"href":"https:\/\/andritsainalibrary.gr\/fr\/wp-json\/wp\/v2\/users\/1"}],"replies":[{"embeddable":true,"href":"https:\/\/andritsainalibrary.gr\/fr\/wp-json\/wp\/v2\/comments?post=51"}],"version-history":[{"count":17,"href":"https:\/\/andritsainalibrary.gr\/fr\/wp-json\/wp\/v2\/pages\/51\/revisions"}],"predecessor-version":[{"id":2567,"href":"https:\/\/andritsainalibrary.gr\/fr\/wp-json\/wp\/v2\/pages\/51\/revisions\/2567"}],"up":[{"embeddable":true,"href":"https:\/\/andritsainalibrary.gr\/fr\/wp-json\/wp\/v2\/pages\/41"}],"wp:attachment":[{"href":"https:\/\/andritsainalibrary.gr\/fr\/wp-json\/wp\/v2\/media?parent=51"}],"curies":[{"name":"wp","href":"https:\/\/api.w.org\/{rel}","templated":true}]}}