{"id":1779,"date":"2024-02-07T13:01:22","date_gmt":"2024-02-07T10:01:22","guid":{"rendered":"http:\/\/andritsainalibrary.gr\/?page_id=1779"},"modified":"2025-09-20T23:23:09","modified_gmt":"2025-09-20T20:23:09","slug":"bibliografia","status":"publish","type":"page","link":"https:\/\/andritsainalibrary.gr\/fr\/dhmosieuseis\/bibliografia\/","title":{"rendered":"Bibliographie"},"content":{"rendered":"<p><\/p>\n<ul>\n<li>Georgios K. Konstantzos, <em>Constantin Agathophron Nicolopoulo<\/em>, th\u00e8se de doctorat, Universit\u00e9 Ionienne, D\u00e9partement d&rsquo;\u00e9tudes musicales, Corfou, 2009 (en grec).\u00a0<a href=\"https:\/\/thesis.ekt.gr\/thesisBookReader\/id\/18116#page\/1\/mode\/2up\" target=\"_blank\" rel=\"noopener\"><br \/>\n\u039a\u03c9\u03bd\u03c3\u03c4\u03b1\u03bd\u03c4\u03af\u03bd\u03bf\u03c2 \u0391\u03b3\u03b1\u03b8\u03cc\u03c6\u03c1\u03c9\u03bd \u039d\u03b9\u03ba\u03bf\u03bb\u03cc\u03c0\u03bf\u03c5\u03bb\u03bf\u03c2 &#8211; \u039a\u03c9\u03b4\u03b9\u03ba\u03cc\u03c2: 18116 (ekt.gr)<\/a><\/li>\n<\/ul>\n<p>&nbsp;<\/p>\n<ul>\n<li>Haris Xanthoudakis, \u00abDeux compositeurs \u201cnationaux\u201d\u00bb, H. Xanthoudakis &#8211; P. Vlagopoulos &#8211; K. Kardamis &#8211; S. Kourmpana, (\u00e9d.) <em>Histoire de la Musique dans la Gr\u00e8ce Moderne, vol. I<\/em>,\u00a0 Ath\u00e8nes, \u00c9ditions du Conservatoire d&rsquo;Ath\u00e8nes, 2022), p. 386-418 (en grec).\u00a0\u00a0\n<p>&nbsp;<\/p>\n<\/li>\n<li>Stella Kourmpana\u00a0 \u00abKt\u0113ma hier\u014dn t\u0113s Andritsa\u00efnis. La collection musicale de Constantin Agathofron Nicolopoulo. Une pr\u00e9sentation anniversaire \u00bb, <em>Neos Mousikos Ellinomnimon<\/em> 9 (mai-ao\u00fbt 2021), p. 5-15 (en grec).\u00a0<\/li>\n<\/ul>\n<p><\/p>","protected":false},"excerpt":{"rendered":"<p>Georgios K. Konstantzos, Constantin Agathophron Nicolopoulo, th\u00e8se de doctorat, Universit\u00e9 Ionienne, D\u00e9partement d&rsquo;\u00e9tudes musicales, Corfou, 2009 (en grec).\u00a0 \u039a\u03c9\u03bd\u03c3\u03c4\u03b1\u03bd\u03c4\u03af\u03bd\u03bf\u03c2 \u0391\u03b3\u03b1\u03b8\u03cc\u03c6\u03c1\u03c9\u03bd \u039d\u03b9\u03ba\u03bf\u03bb\u03cc\u03c0\u03bf\u03c5\u03bb\u03bf\u03c2 &#8211; \u039a\u03c9\u03b4\u03b9\u03ba\u03cc\u03c2: 18116 (ekt.gr) &nbsp; Haris Xanthoudakis, \u00abDeux compositeurs \u201cnationaux\u201d\u00bb, H. Xanthoudakis &#8211; P. Vlagopoulos &#8211; K. Kardamis &#8211; S. Kourmpana, (\u00e9d.) Histoire de la Musique dans la Gr\u00e8ce Moderne, vol. I,\u00a0 Ath\u00e8nes, \u00c9ditions [&hellip;]<\/p>\n","protected":false},"author":101011,"featured_media":0,"parent":1771,"menu_order":0,"comment_status":"closed","ping_status":"closed","template":"custom-template.php","meta":[],"_links":{"self":[{"href":"https:\/\/andritsainalibrary.gr\/fr\/wp-json\/wp\/v2\/pages\/1779"}],"collection":[{"href":"https:\/\/andritsainalibrary.gr\/fr\/wp-json\/wp\/v2\/pages"}],"about":[{"href":"https:\/\/andritsainalibrary.gr\/fr\/wp-json\/wp\/v2\/types\/page"}],"author":[{"embeddable":true,"href":"https:\/\/andritsainalibrary.gr\/fr\/wp-json\/wp\/v2\/users\/101011"}],"replies":[{"embeddable":true,"href":"https:\/\/andritsainalibrary.gr\/fr\/wp-json\/wp\/v2\/comments?post=1779"}],"version-history":[{"count":5,"href":"https:\/\/andritsainalibrary.gr\/fr\/wp-json\/wp\/v2\/pages\/1779\/revisions"}],"predecessor-version":[{"id":2327,"href":"https:\/\/andritsainalibrary.gr\/fr\/wp-json\/wp\/v2\/pages\/1779\/revisions\/2327"}],"up":[{"embeddable":true,"href":"https:\/\/andritsainalibrary.gr\/fr\/wp-json\/wp\/v2\/pages\/1771"}],"wp:attachment":[{"href":"https:\/\/andritsainalibrary.gr\/fr\/wp-json\/wp\/v2\/media?parent=1779"}],"curies":[{"name":"wp","href":"https:\/\/api.w.org\/{rel}","templated":true}]}}