{"id":1773,"date":"2024-02-07T12:58:43","date_gmt":"2024-02-07T09:58:43","guid":{"rendered":"http:\/\/andritsainalibrary.gr\/?page_id=1773"},"modified":"2025-09-21T19:09:48","modified_gmt":"2025-09-21T16:09:48","slug":"draseis","status":"publish","type":"page","link":"https:\/\/andritsainalibrary.gr\/fr\/draseis\/","title":{"rendered":"Actions"},"content":{"rendered":"<p><\/p>\n<p>&nbsp;<\/p>\n<p>L&rsquo;\u0153uvre musicale de Constantin A. Nicolopoulo constitue un jalon important dans l&rsquo;histoire de la musique dans la Gr\u00e8ce moderne. L&rsquo;initiative \u00abLe monde musical de Constantin A. Nicolopoulo\u00bb organise des actions visant \u00e0 mettre en valeur cet h\u00e9ritage important.<\/p>\n<p>&nbsp;<\/p>\n<p><strong>&#8211; Andritsaina, du 4 au 8 ao\u00fbt 2024. Masterclass pilote pour \u00e9l\u00e8ves en musique et recherche<\/strong> <br \/>\n\u00a0ANNONCE <a href=\"https:\/\/andritsainalibrary.gr\/cms\/wp-content\/uploads\/2025\/09\/Programme-Pilote-Annonce.pdf\">ici<\/a><\/p>\n<p>Le projet pilote \u00abMasterclass de musique et de recherche pour \u00e9l\u00e8ves\u00bb, organis\u00e9 pour la premi\u00e8re fois en Gr\u00e8ce, s&rsquo;est achev\u00e9 avec succ\u00e8s. Deux \u00e9l\u00e8ves musiciens du P\u00e9loponn\u00e8se ont particip\u00e9 activement, apr\u00e8s avoir \u00e9t\u00e9 s\u00e9lectionn\u00e9s et avoir obtenu une bourse, au programme intensif de quatre jours consacr\u00e9 \u00e0 la recherche dans les archives musicales de C. A. Nicopoulo et \u00e0 l&rsquo;interpr\u00e9tation de morceaux de musique de ce dernier et de son \u00e9poque. Les \u00e9l\u00e8ves ont pr\u00e9sent\u00e9 leur travail le jeudi 8 ao\u00fbt 2024 dans la salle de la biblioth\u00e8que.<\/p>\n<p style=\"text-align: center\">Le Masterclass pilote pour \u00e9l\u00e8ves sur la musique et la recherche a \u00e9t\u00e9 organis\u00e9 avec le soutien de l&rsquo;<strong>Association des Amis de la Biblioth\u00e8que d&rsquo;Andritsena<\/strong><img decoding=\"async\" loading=\"lazy\" class=\"size-full wp-image-1740 aligncenter\" src=\"https:\/\/andritsainalibrary.gr\/cms\/wp-content\/uploads\/elvetikos-syllogos.png\" alt=\"\" width=\"192\" height=\"190\" \/><\/p>\n<p style=\"text-align: center\">et le support de l&rsquo;h\u00f4tel <strong>Theoxenia<\/strong><\/p>\n<p><img decoding=\"async\" loading=\"lazy\" class=\"size-full wp-image-1998 aligncenter\" src=\"https:\/\/andritsainalibrary.gr\/cms\/wp-content\/uploads\/rsz_1logo12.png\" alt=\"\" width=\"217\" height=\"83\" \/><\/p>\n<p style=\"text-align: center\">\u00e0 la Biblioth\u00e8que Publique Historique d&rsquo;Andritsaina<\/p>\n<p style=\"text-align: center\"><img decoding=\"async\" loading=\"lazy\" class=\"alignnone size-full wp-image-1742\" src=\"https:\/\/andritsainalibrary.gr\/cms\/wp-content\/uploads\/logo-diba.png\" alt=\"\" width=\"192\" height=\"190\" \/><\/p>\n<p style=\"text-align: center\">Nous les remercions chaleureusement.<\/p>\n<p>&nbsp;<\/p>\n<p><\/p>","protected":false},"excerpt":{"rendered":"<p>&nbsp; L&rsquo;\u0153uvre musicale de Constantin A. Nicolopoulo constitue un jalon important dans l&rsquo;histoire de la musique dans la Gr\u00e8ce moderne. L&rsquo;initiative \u00abLe monde musical de Constantin A. Nicolopoulo\u00bb organise des actions visant \u00e0 mettre en valeur cet h\u00e9ritage important. &nbsp; &#8211; Andritsaina, du 4 au 8 ao\u00fbt 2024. Masterclass pilote pour \u00e9l\u00e8ves en musique et [&hellip;]<\/p>\n","protected":false},"author":101011,"featured_media":0,"parent":0,"menu_order":0,"comment_status":"closed","ping_status":"closed","template":"custom-template.php","meta":[],"_links":{"self":[{"href":"https:\/\/andritsainalibrary.gr\/fr\/wp-json\/wp\/v2\/pages\/1773"}],"collection":[{"href":"https:\/\/andritsainalibrary.gr\/fr\/wp-json\/wp\/v2\/pages"}],"about":[{"href":"https:\/\/andritsainalibrary.gr\/fr\/wp-json\/wp\/v2\/types\/page"}],"author":[{"embeddable":true,"href":"https:\/\/andritsainalibrary.gr\/fr\/wp-json\/wp\/v2\/users\/101011"}],"replies":[{"embeddable":true,"href":"https:\/\/andritsainalibrary.gr\/fr\/wp-json\/wp\/v2\/comments?post=1773"}],"version-history":[{"count":37,"href":"https:\/\/andritsainalibrary.gr\/fr\/wp-json\/wp\/v2\/pages\/1773\/revisions"}],"predecessor-version":[{"id":2376,"href":"https:\/\/andritsainalibrary.gr\/fr\/wp-json\/wp\/v2\/pages\/1773\/revisions\/2376"}],"wp:attachment":[{"href":"https:\/\/andritsainalibrary.gr\/fr\/wp-json\/wp\/v2\/media?parent=1773"}],"curies":[{"name":"wp","href":"https:\/\/api.w.org\/{rel}","templated":true}]}}