{"id":1771,"date":"2024-02-07T12:56:51","date_gmt":"2024-02-07T09:56:51","guid":{"rendered":"http:\/\/andritsainalibrary.gr\/?page_id=1771"},"modified":"2025-09-23T09:02:39","modified_gmt":"2025-09-23T06:02:39","slug":"dhmosieuseis","status":"publish","type":"page","link":"https:\/\/andritsainalibrary.gr\/fr\/dhmosieuseis\/","title":{"rendered":"\u00c9crits"},"content":{"rendered":"<p><\/p>\n<p>Malgr\u00e9 le nombre d&rsquo;\u00e9tudes consacr\u00e9es \u00e0 Nicolopoulo, rares sont celles qui se concentrent sur la dimension musicale de sa personnalit\u00e9. Cette page pr\u00e9sente des \u00e9crits relatifs \u00e0 son monde musical.<\/p>\n<p>&nbsp;<\/p>\n<p><a class=\"button\" href=\"\/fr\/dhmosieuseis\/oi meletes\/\">\u00c9tudes<\/a> <a class=\"button\" href=\"\/fr\/dhmosieuseis\/arthra\/\">Articles<\/a> <a class=\"button\" href=\"\/fr\/dhmosieuseis\/bibliografia\/\">Bibliographie<\/a><\/p>\n<p><\/p>","protected":false},"excerpt":{"rendered":"<p>Malgr\u00e9 le nombre d&rsquo;\u00e9tudes consacr\u00e9es \u00e0 Nicolopoulo, rares sont celles qui se concentrent sur la dimension musicale de sa personnalit\u00e9. Cette page pr\u00e9sente des \u00e9crits relatifs \u00e0 son monde musical. &nbsp; \u00c9tudes Articles Bibliographie<\/p>\n","protected":false},"author":101011,"featured_media":0,"parent":0,"menu_order":0,"comment_status":"closed","ping_status":"closed","template":"custom-template.php","meta":[],"_links":{"self":[{"href":"https:\/\/andritsainalibrary.gr\/fr\/wp-json\/wp\/v2\/pages\/1771"}],"collection":[{"href":"https:\/\/andritsainalibrary.gr\/fr\/wp-json\/wp\/v2\/pages"}],"about":[{"href":"https:\/\/andritsainalibrary.gr\/fr\/wp-json\/wp\/v2\/types\/page"}],"author":[{"embeddable":true,"href":"https:\/\/andritsainalibrary.gr\/fr\/wp-json\/wp\/v2\/users\/101011"}],"replies":[{"embeddable":true,"href":"https:\/\/andritsainalibrary.gr\/fr\/wp-json\/wp\/v2\/comments?post=1771"}],"version-history":[{"count":7,"href":"https:\/\/andritsainalibrary.gr\/fr\/wp-json\/wp\/v2\/pages\/1771\/revisions"}],"predecessor-version":[{"id":2419,"href":"https:\/\/andritsainalibrary.gr\/fr\/wp-json\/wp\/v2\/pages\/1771\/revisions\/2419"}],"wp:attachment":[{"href":"https:\/\/andritsainalibrary.gr\/fr\/wp-json\/wp\/v2\/media?parent=1771"}],"curies":[{"name":"wp","href":"https:\/\/api.w.org\/{rel}","templated":true}]}}