{"id":1756,"date":"2024-02-07T12:36:29","date_gmt":"2024-02-07T09:36:29","guid":{"rendered":"http:\/\/andritsainalibrary.gr\/?page_id=1756"},"modified":"2025-09-21T15:31:37","modified_gmt":"2025-09-21T12:31:37","slug":"syllogi","status":"publish","type":"page","link":"https:\/\/andritsainalibrary.gr\/fr\/syllogi\/","title":{"rendered":"La collection"},"content":{"rendered":"<p><\/p>\n<p><strong>\u00ab Patrimoine sacr\u00e9 d&rsquo;Andritsaina \u00bb<\/strong><\/p>\n<p><strong>La collection musicale de Constantin Agathophron Nicopoulo \u00e0 la biblioth\u00e8que d&rsquo;Andritsaina et la vision musicale d&rsquo;une soci\u00e9t\u00e9 future.<\/strong><\/p>\n<p>L&rsquo;amour de Nicolopoulo pour la musique, associ\u00e9 \u00e0 sa soif de savoir et \u00e0 sa passion pour les livres, ainsi que son combat pour la libert\u00e9 de sa patrie, constituent les caract\u00e9ristiques fondamentales d&rsquo;un compositeur intellectuel grec de la p\u00e9riode de la R\u00e9volution. Malgr\u00e9 le manque d&rsquo;argent, Nicolopoulo a consacr\u00e9 toute sa vie \u00e0 la constitution d&rsquo;une biblioth\u00e8que pr\u00e9cieuse et rare qu&rsquo;il a offerte, en 1839, \u00e0 Andritsena, la ville natale de son p\u00e8re, qu&rsquo;il r\u00eavait de transformer en centre culturel.<\/p>\n<p>Les titres des livres que Nicolopoulo collectionnait depuis longtemps pour constituer une grande biblioth\u00e8que publique dans la Gr\u00e8ce lib\u00e9r\u00e9e repr\u00e9sentaient la vision du futur donateur quant au type de livres de chaque cat\u00e9gorie qui allaient couvrir les besoins \u00e9ducatifs principaux et imm\u00e9diats du nouvel \u00c9tat en cours de constitution. La plupart des livres de la collection portent une annotation manuscrite de Nicolopoulo lui-m\u00eame : <strong>\u00abPatrimoine sacr\u00e9 d&rsquo;Andritsaina. Don de Agathophron Nicolopoulo\u00bb.<\/strong> Il ne s&rsquo;y \u00e9tait jamais rendu. Il avait l&rsquo;intention de d\u00e9m\u00e9nager \u00e0 Andritsena apr\u00e8s l&rsquo;acheminement de sa biblioth\u00e8que depuis Paris, mais alors qu&rsquo;il emballait certains livres, il se blessa \u00e0 la main avec un clou, contracta une infection et mourut.<img decoding=\"async\" loading=\"lazy\" class=\"size-medium wp-image-1758 aligncenter\" src=\"https:\/\/andritsainalibrary.gr\/cms\/wp-content\/uploads\/kthma-300x173.jpg\" alt=\"\" width=\"300\" height=\"173\" srcset=\"https:\/\/andritsainalibrary.gr\/cms\/wp-content\/uploads\/kthma-300x173.jpg 300w, https:\/\/andritsainalibrary.gr\/cms\/wp-content\/uploads\/kthma.jpg 600w\" sizes=\"(max-width: 300px) 100vw, 300px\" \/><\/p>\n<p>La collection particuli\u00e8rement pr\u00e9cieuse de <strong>livres de musique<\/strong> et de <strong>partitions<\/strong> que Nicolopoulo envoya \u00e0 Andritsaina (m\u00eame si elle ne repr\u00e9sente probablement qu&rsquo;une partie du volume total du mat\u00e9riel qui serait arriv\u00e9 dans la ville arcadienne si Nicolopoulo avait eu le temps de terminer l&rsquo;envoi de sa biblioth\u00e8que) rec\u00e8le tout un univers musical, un monde compos\u00e9 <strong>de compositions de Nicolopoulo mais aussi d&rsquo;autres compositeurs,<\/strong> qui devaient constituer l&rsquo;univers musical du compositeur intellectuel grec. Un univers musical europ\u00e9en qui allait \u00eatre transf\u00e9r\u00e9 dans le petit village du P\u00e9loponn\u00e8se. Ainsi, parmi les compositions imprim\u00e9es et manuscrites de Nicolopoulo lui-m\u00eame conserv\u00e9es \u00e0 la biblioth\u00e8que d&rsquo;Andritsaina, on trouve des \u0153uvres de <strong>Mozart<\/strong> et <strong>Rossini, Gluck, Haydn<\/strong>, mais aussi <strong>Cimarosa, Martini, M\u00e9hul, Cherubini, Pa\u00ebr, Zingarelli.<\/strong><\/p>\n<figure id=\"attachment_1761\" aria-describedby=\"caption-attachment-1761\" style=\"width: 226px\" class=\"wp-caption aligncenter\"><img decoding=\"async\" loading=\"lazy\" class=\"wp-image-1761 size-medium\" src=\"https:\/\/andritsainalibrary.gr\/cms\/wp-content\/uploads\/nicola_antonio_zingarelli-226x300.jpg\" alt=\"\" width=\"226\" height=\"300\" srcset=\"https:\/\/andritsainalibrary.gr\/cms\/wp-content\/uploads\/nicola_antonio_zingarelli-226x300.jpg 226w, https:\/\/andritsainalibrary.gr\/cms\/wp-content\/uploads\/nicola_antonio_zingarelli.jpg 452w\" sizes=\"(max-width: 226px) 100vw, 226px\" \/><figcaption id=\"caption-attachment-1761\" class=\"wp-caption-text\">Nicol\u00f2 Zingarelli \u00e9tait un ami de Nicol\u00f2 Mantzaro, compositeur de l\u2019hymne national grec.<\/figcaption><\/figure>\n<p>Les enregistrements des<strong> chants r\u00e9volutionnaires<\/strong> de <em>Marseillaise<\/em> et <em>\u00c7a ira !<\/em>, r\u00e9alis\u00e9s par le compositeur grec, rev\u00eatent une importance particuli\u00e8re. Ils constituent un autre exemple de son action r\u00e9volutionnaire et rappellent, entre autres, l&rsquo;admiration particuli\u00e8re qu&rsquo;il vouait \u00e0 Rigas Velestinlis, qui fut le premier \u00e0 utiliser des chants r\u00e9volutionnaires fran\u00e7ais dans la lutte pour l&rsquo;ind\u00e9pendance grecque, mais aussi <strong>les enregistrements de chants populaires<\/strong> \u00e0 un moment particuli\u00e8rement pr\u00e9coce de l&rsquo;histoire (l&rsquo;int\u00e9r\u00eat pour ce genre musical s&rsquo;\u00e9tant d\u00e9velopp\u00e9 plus tard dans toute l&rsquo;Europe).<\/p>\n<p>\u00a0 \u00a0 \u00a0 \u00a0 \u00a0 \u00a0 \u00a0 \u00a0 \u00a0 \u00a0 \u00a0 \u00a0 \u00a0 \u00a0 \u00a0 \u00a0 \u00a0 \u00a0 \u00a0 \u00a0 \u00a0 \u00a0 \u00a0 \u00a0 \u00a0 \u00a0 \u00a0<img decoding=\"async\" loading=\"lazy\" class=\"alignnone size-medium wp-image-1766\" src=\"https:\/\/andritsainalibrary.gr\/cms\/wp-content\/uploads\/marseillaise-215x300.jpg\" alt=\"\" width=\"215\" height=\"300\" srcset=\"https:\/\/andritsainalibrary.gr\/cms\/wp-content\/uploads\/marseillaise-215x300.jpg 215w, https:\/\/andritsainalibrary.gr\/cms\/wp-content\/uploads\/marseillaise.jpg 429w\" sizes=\"(max-width: 215px) 100vw, 215px\" \/> <img decoding=\"async\" loading=\"lazy\" class=\"alignnone size-medium wp-image-1765\" src=\"https:\/\/andritsainalibrary.gr\/cms\/wp-content\/uploads\/ca-ira-215x300.jpg\" alt=\"\" width=\"215\" height=\"300\" srcset=\"https:\/\/andritsainalibrary.gr\/cms\/wp-content\/uploads\/ca-ira-215x300.jpg 215w, https:\/\/andritsainalibrary.gr\/cms\/wp-content\/uploads\/ca-ira.jpg 429w\" sizes=\"(max-width: 215px) 100vw, 215px\" \/><\/p>\n<p>Les ouvrages de th\u00e9orie musicale de la collection ont \u00e9galement une valeur particuli\u00e8re. Ils comprennent les principaux textes grecs anciens sur la musique (tels que les \u00e9tudes de <strong>Claudius Ptolemy<\/strong> et <strong>Sextus Empiricus<\/strong>), ainsi que les ouvrages th\u00e9oriques et esth\u00e9tiques les plus importants sur la musique du si\u00e8cle des Lumi\u00e8res, tels que le <strong><em>Dictionnaire de musique<\/em> <\/strong>de <strong>Jean-Jacques Rousseau<\/strong> (1712-1778) et le c\u00e9l\u00e8bre <strong><em>Entretiens sur l&rsquo;\u00c9tat de la musique grecque<\/em> <\/strong>de <strong>l&rsquo;abb\u00e9 Barth\u00e9lemy<\/strong> (1716-1795). L&rsquo;\u00e9tude de <strong>Raphael Georg Kiesewetter<\/strong> (1773-1850), <strong><em>\u00dcber die Musik der neueren Griechen, nebst freien Gedanken \u00fcber altaegyptische und altgriechische Musik (Sur la musique des Grecs modernes, accompagn\u00e9e de r\u00e9flexions \u00e9parses sur la musique \u00e9gyptienne et grecque antiques<\/em><\/strong>), qui ne fut publi\u00e9e qu&rsquo;en 1838, soit quelques ann\u00e9es avant la mort de Nicolopoulo.<\/p>\n<p>Dans le m\u00eame esprit de suivi de la bibliographie contemporaine s&rsquo;inscrivent les notes de Niolopoulo sur la th\u00e9orie musicale qui reprennent les <strong><em>Principes de m\u00e9lodie et d&rsquo;harmonie, d\u00e9duits de la th\u00e9orie des vibrations<\/em><\/strong>\u00a0de 1834 de <strong>Fran\u00e7ois Ange Alexandre Blein<\/strong> (1767-1845).<\/p>\n<p><img decoding=\"async\" loading=\"lazy\" class=\"size-medium wp-image-1769 aligncenter\" src=\"https:\/\/andritsainalibrary.gr\/cms\/wp-content\/uploads\/blein-215x300.jpg\" alt=\"\" width=\"215\" height=\"300\" srcset=\"https:\/\/andritsainalibrary.gr\/cms\/wp-content\/uploads\/blein-215x300.jpg 215w, https:\/\/andritsainalibrary.gr\/cms\/wp-content\/uploads\/blein.jpg 430w\" sizes=\"(max-width: 215px) 100vw, 215px\" \/><\/p>\n<p><\/p>","protected":false},"excerpt":{"rendered":"<p>\u00ab Patrimoine sacr\u00e9 d&rsquo;Andritsaina \u00bb La collection musicale de Constantin Agathophron Nicopoulo \u00e0 la biblioth\u00e8que d&rsquo;Andritsaina et la vision musicale d&rsquo;une soci\u00e9t\u00e9 future. L&rsquo;amour de Nicolopoulo pour la musique, associ\u00e9 \u00e0 sa soif de savoir et \u00e0 sa passion pour les livres, ainsi que son combat pour la libert\u00e9 de sa patrie, constituent les caract\u00e9ristiques [&hellip;]<\/p>\n","protected":false},"author":101011,"featured_media":0,"parent":0,"menu_order":0,"comment_status":"closed","ping_status":"closed","template":"custom-template.php","meta":[],"_links":{"self":[{"href":"https:\/\/andritsainalibrary.gr\/fr\/wp-json\/wp\/v2\/pages\/1756"}],"collection":[{"href":"https:\/\/andritsainalibrary.gr\/fr\/wp-json\/wp\/v2\/pages"}],"about":[{"href":"https:\/\/andritsainalibrary.gr\/fr\/wp-json\/wp\/v2\/types\/page"}],"author":[{"embeddable":true,"href":"https:\/\/andritsainalibrary.gr\/fr\/wp-json\/wp\/v2\/users\/101011"}],"replies":[{"embeddable":true,"href":"https:\/\/andritsainalibrary.gr\/fr\/wp-json\/wp\/v2\/comments?post=1756"}],"version-history":[{"count":8,"href":"https:\/\/andritsainalibrary.gr\/fr\/wp-json\/wp\/v2\/pages\/1756\/revisions"}],"predecessor-version":[{"id":2374,"href":"https:\/\/andritsainalibrary.gr\/fr\/wp-json\/wp\/v2\/pages\/1756\/revisions\/2374"}],"wp:attachment":[{"href":"https:\/\/andritsainalibrary.gr\/fr\/wp-json\/wp\/v2\/media?parent=1756"}],"curies":[{"name":"wp","href":"https:\/\/api.w.org\/{rel}","templated":true}]}}