{"id":1745,"date":"2024-02-07T12:18:40","date_gmt":"2024-02-07T09:18:40","guid":{"rendered":"http:\/\/andritsainalibrary.gr\/?page_id=1745"},"modified":"2025-09-21T12:17:22","modified_gmt":"2025-09-21T09:17:22","slug":"mousikos","status":"publish","type":"page","link":"https:\/\/andritsainalibrary.gr\/fr\/mousikos\/","title":{"rendered":"Le musicien"},"content":{"rendered":"<p><\/p>\n<p>N\u00e9 \u00e0 Smyrne, mais originaire d&rsquo;Andritsaina, <strong>Constantin Agathophron Nicolopoulo (1786-1841)<\/strong> \u00e9tait un intellectuel polyvalent et polyglotte, arch\u00e9ologue et collaborateur du magazine<em> Herm\u00e8s le Savant<\/em>, auteur de textes r\u00e9volutionnaires (sur le mod\u00e8le de Rigas Velestinlis), cofondateur de soci\u00e9t\u00e9s r\u00e9volutionnaires et ami du grand \u00e9rudit grec <strong>Adamantios Coray (1748-1833)<\/strong>. En 1807, un an apr\u00e8s s&rsquo;\u00eatre install\u00e9 \u00e0 Paris, il commen\u00e7a \u00e0 enseigner le grec ancien, int\u00e9grant des \u00e9l\u00e9ments musicaux dans ses cours, et se mit \u00e0 composer des \u0153uvres musicales. Il se consacra bient\u00f4t \u00e0 la pr\u00e9paration de la r\u00e9volution grecque, tant par son action politique que musicale.<\/p>\n<p>Parmi ses \u0153uvres les plus connues, on trouve des chansons et des airs \u00e9crites dans le style fran\u00e7ais de l&rsquo;\u00e9poque, des compositions religieuses et des harmonisations de chants liturgiques, des m\u00e9lodies sur des textes grecs anciens, mais aussi de nombreuses compositions patriotiques et hymnes. Il convient de noter son int\u00e9r\u00eat particuli\u00e8rement pr\u00e9coce pour l&rsquo;enregistrement de m\u00e9lodies, c&rsquo;est-\u00e0-dire de chants populaires ou de style populaire, de chansons urbaines et de m\u00e9lodies de style ottoman. Cependant, ce qui pourrait lui valoir le titre de<strong> premier compositeur \u00abnational\u00bb grec<\/strong> \u00e9tait son id\u00e9e de combiner organiquement la prosodie de la langue grecque avec le rythme de la musique, c&rsquo;est-\u00e0-dire de laisser la langue grecque elle-m\u00eame fa\u00e7onner un style musical qui lui convienne. La preuve en est les m\u00e9lodies conserv\u00e9es de la po\u00e9sie grecque antique.<\/p>\n<p>Bien que Nicolopoulo ait d\u00fb suivre ses premiers cours de musique avant de se rendre \u00e0 Paris, c&rsquo;est dans la capitale fran\u00e7aise qu&rsquo;il a \u00e9t\u00e9 l&rsquo;\u00e9l\u00e8ve du c\u00e9l\u00e8bre musicologue, p\u00e9dagogue et compositeur belge <strong>Fran\u00e7ois-Joseph F\u00e9tis (1784-1871).<\/strong><\/p>\n<p><img decoding=\"async\" loading=\"lazy\" class=\" wp-image-1748 aligncenter\" src=\"https:\/\/andritsainalibrary.gr\/cms\/wp-content\/uploads\/fetis-181x300.jpg\" alt=\"\" width=\"219\" height=\"363\" srcset=\"https:\/\/andritsainalibrary.gr\/cms\/wp-content\/uploads\/fetis-181x300.jpg 181w, https:\/\/andritsainalibrary.gr\/cms\/wp-content\/uploads\/fetis.jpg 362w\" sizes=\"(max-width: 219px) 100vw, 219px\" \/><\/p>\n<p>F\u00e9tis, dipl\u00f4m\u00e9 puis professeur et biblioth\u00e9caire au Conservatoire de Paris et premier directeur du Conservatoire de Bruxelles, fut \u00e9galement le fondateur et le r\u00e9dacteur en chef de la <em>Revue Musicale<\/em> (1827-1834). Dans cette revue, mais aussi dans de nombreuses autres publications et \u00e9ditions autonomes, F\u00e9tis r\u00e9digeait des textes vulgaris\u00e9s sur l&rsquo;histoire et la th\u00e9orie de la musique, l&rsquo;organologie et la p\u00e9dagogie musicale, gr\u00e2ce auxquels il revendique le titre de l&rsquo;un des premiers musicologues. Ses livres, conserv\u00e9s depuis 1872 \u00e0 la Biblioth\u00e8que royale de Bruxelles (<a href=\"https:\/\/www.kbr.be\/fr\/fonds-francois-joseph-fetis\/\">Fonds Fran\u00e7ois-Joseph F\u00e9tis \u2022 KBR<\/a>) comptent environ 8.000 titres, dont la plupart sont consacr\u00e9s \u00e0 la musique, et comprennent \u00e9galement environ 5.500 partitions manuscrites et imprim\u00e9es. Parmi les ouvrages importants de F\u00e9tis sur la musique, on peut citer <em>La musique mise \u00e0 la port\u00e9e de tout le monde<\/em> (1830) et la <em>Biographie universelle de Musiciens <\/em>(1841, avec de nombreuses r\u00e9\u00e9ditions). Dans ce dernier ouvrage, F\u00e9tis avait consacr\u00e9 une entr\u00e9e \u00e0 son \u00e9l\u00e8ve grec :<\/p>\n<blockquote>\n<p>Amateur passionn\u00e9 de musique, M. Nicolopoulo a re\u00e7u de l&rsquo;auteur de cette <em>Biographie universelle des musiciens<\/em> des le\u00e7ons de composition. On a de ce savant beaucoup de morceaux de litt\u00e9rature, de philologie et de po\u00e9sie grecque, publi\u00e9s s\u00e9par\u00e9ment ou ins\u00e9r\u00e9s dans les journaux litt\u00e9raires et scientifiques. Il a \u00e9t\u00e9 l&rsquo;\u00e9diteur de l&rsquo;Introduction \u00e0 la th\u00e9orie et \u00e0 la pratique de la musique eccl\u00e9siastique (<em>\u0395\u1f30<\/em><em>\u03c3\u03b1\u03b3\u03c9\u03b3\u1f74<\/em> <em>\u03b5\u1f30<\/em><em>\u03c2<\/em> <em>\u03c4\u1f78<\/em> <em>\u03b8\u03b5\u03c9\u03c1\u03b7\u03c4\u03b9\u03ba\u1f78<\/em><em>\u03bd<\/em> <em>\u03ba\u03b1\u1f76<\/em> <em>\u03c0\u03c1\u03b1\u03ba\u03c4\u03b9\u03ba\u1f78<\/em><em>\u03bd<\/em> <em>\u03c4\u1fc6<\/em><em>\u03c2<\/em><em> \u1f10<\/em><em>\u03ba\u03ba\u03bb\u03b7\u03c3\u03b9\u03b1\u03c3\u03c4\u03b9\u03ba\u1fc6<\/em><em>\u03c2<\/em> <em>\u03bc\u03bf\u03c5\u03c3\u03b9\u03ba\u1fc6<\/em><em>\u03c2<\/em>) de Chrysanthe de Madyte [\u2026] et des <em>Doxastika<\/em>, recueil d&rsquo;hymnes not\u00e9es de l&rsquo;\u00c9glise grecque , recueillies et mises en ordre par Gr\u00e9goire Lampadarios [\u2026] Paris, 1821, 1 vol. in-8o. M. Nicolopoulo pr\u00e9pare une \u00e9dition du <em>Trait\u00e9 de musique d&rsquo;Aristox\u00e8ne<\/em> , avec une traduction fran\u00e7aise et un commentaire. Comme compositeur il a publi\u00e9 : 1<sup>o<\/sup> <em>Chant religieux des Grecs<\/em>, avec accompagnement de piano, Paris, Janet et Cotelle. 2<sup> o<\/sup> <em>Domine salvum fac populum gr\u00e6cum,<\/em> idem, ibid., 3<sup>o<\/sup> <em>Celse terrarum moderator orbis, <\/em>ode saphique id., ibid. 4<sup> o<\/sup> <em>Le chant du jeune Grec<\/em>, ibid. 5<sup>o<\/sup> Plusieurs romances, ibid. Il a en manuscrit beaucoup de morceaux de musique r\u00e9ligieuse, de ch\u0153urs, etc.<\/p>\n<\/blockquote>\n<p><img decoding=\"async\" loading=\"lazy\" class=\" wp-image-1752 aligncenter\" src=\"https:\/\/andritsainalibrary.gr\/cms\/wp-content\/uploads\/fetis_biographie-181x300.jpg\" alt=\"\" width=\"236\" height=\"391\" srcset=\"https:\/\/andritsainalibrary.gr\/cms\/wp-content\/uploads\/fetis_biographie-181x300.jpg 181w, https:\/\/andritsainalibrary.gr\/cms\/wp-content\/uploads\/fetis_biographie.jpg 362w\" sizes=\"(max-width: 236px) 100vw, 236px\" \/><\/p>\n<p>Les documents conserv\u00e9s de Nicolopoulo nous permettent de conclure facilement \u00e0 son int\u00e9r\u00eat pour l&rsquo;\u00e9tude approfondie de la musique. En tant que v\u00e9ritable enfant de l&rsquo;\u00e9poque des Lumi\u00e8res, Nicolopoulo ne pouvait manquer d&rsquo;inclure dans sa collection le c\u00e9l\u00e8bre <strong><em>Dictionnaire de musique<\/em> de Jean-Jacques Rousseau (1712-1778),<\/strong> v\u00e9ritable condens\u00e9 des connaissances musicales de l&rsquo;\u00e9poque de l&rsquo;auteur, mais aussi le tout aussi c\u00e9l\u00e8bre <strong><em>Entretiens sur l&rsquo;\u00c9tat de la musique grecque<\/em> de l&rsquo;abb\u00e9 Barth\u00e9lemy (1716-1795),<\/strong> qui pourrait \u00eatre qualifi\u00e9 de roman historique sur la musique grecque antique s&rsquo;il ne s&rsquo;agissait pas, en r\u00e9alit\u00e9, d&rsquo;un appel all\u00e9gorique \u00e0 la renaissance morale de la musique de l&rsquo;\u00e9poque de l&rsquo;auteur. Les notes de Nicolopoulo sur la th\u00e9orie de la musique, qui reprennent les <strong><em>Principes de m\u00e9lodie et d&rsquo;harmonie, d\u00e9duits de la th\u00e9orie des vibrations<\/em> de 1834 de Fran\u00e7ois Ange Alexandre Blein (1767-1845)<\/strong>\u00a0constituent une preuve suppl\u00e9mentaire de la curiosit\u00e9 intellectuelle et de l&rsquo;esprit de recherche de Nicolopoulo.<\/p>\n<p>Il convient de noter son int\u00e9r\u00eat particuli\u00e8rement pr\u00e9coce pour l&rsquo;enregistrement de m\u00e9lodies repr\u00e9sentant la mosa\u00efque color\u00e9e de la musique \u00abde l&rsquo;Orient grec\u00bb, c&rsquo;est-\u00e0-dire des airs populaires ou d&rsquo;inspiration populaire, des chansons urbaines et des m\u00e9lodies de style ottoman, un int\u00e9r\u00eat qui allait de pair avec le souci de cr\u00e9er une collection particuli\u00e8rement riche d&rsquo;\u0153uvres de musique de chambre inspir\u00e9es de l&rsquo;op\u00e9ra (qu&rsquo;il a lui-m\u00eame conserv\u00e9 et reli\u00e9 en volumes), dessinent une personnalit\u00e9 aux multiples facettes qui, \u00e0 travers le don de sa biblioth\u00e8que \u00e0 Andritsaina, aspirait \u00e0 faire du bien \u00e0 sa r\u00e9gion en donnant un exemple lumineux pour l&rsquo;avenir de la Gr\u00e8ce.<\/p>\n<p><\/p>","protected":false},"excerpt":{"rendered":"<p>N\u00e9 \u00e0 Smyrne, mais originaire d&rsquo;Andritsaina, Constantin Agathophron Nicolopoulo (1786-1841) \u00e9tait un intellectuel polyvalent et polyglotte, arch\u00e9ologue et collaborateur du magazine Herm\u00e8s le Savant, auteur de textes r\u00e9volutionnaires (sur le mod\u00e8le de Rigas Velestinlis), cofondateur de soci\u00e9t\u00e9s r\u00e9volutionnaires et ami du grand \u00e9rudit grec Adamantios Coray (1748-1833). En 1807, un an apr\u00e8s s&rsquo;\u00eatre install\u00e9 \u00e0 [&hellip;]<\/p>\n","protected":false},"author":101011,"featured_media":0,"parent":0,"menu_order":0,"comment_status":"closed","ping_status":"closed","template":"custom-template.php","meta":[],"_links":{"self":[{"href":"https:\/\/andritsainalibrary.gr\/fr\/wp-json\/wp\/v2\/pages\/1745"}],"collection":[{"href":"https:\/\/andritsainalibrary.gr\/fr\/wp-json\/wp\/v2\/pages"}],"about":[{"href":"https:\/\/andritsainalibrary.gr\/fr\/wp-json\/wp\/v2\/types\/page"}],"author":[{"embeddable":true,"href":"https:\/\/andritsainalibrary.gr\/fr\/wp-json\/wp\/v2\/users\/101011"}],"replies":[{"embeddable":true,"href":"https:\/\/andritsainalibrary.gr\/fr\/wp-json\/wp\/v2\/comments?post=1745"}],"version-history":[{"count":15,"href":"https:\/\/andritsainalibrary.gr\/fr\/wp-json\/wp\/v2\/pages\/1745\/revisions"}],"predecessor-version":[{"id":2362,"href":"https:\/\/andritsainalibrary.gr\/fr\/wp-json\/wp\/v2\/pages\/1745\/revisions\/2362"}],"wp:attachment":[{"href":"https:\/\/andritsainalibrary.gr\/fr\/wp-json\/wp\/v2\/media?parent=1745"}],"curies":[{"name":"wp","href":"https:\/\/api.w.org\/{rel}","templated":true}]}}