{"id":135,"date":"2016-05-13T10:29:58","date_gmt":"2016-05-13T07:29:58","guid":{"rendered":"http:\/\/andritsainalibrary.gr\/cms\/?page_id=135"},"modified":"2025-06-20T12:07:52","modified_gmt":"2025-06-20T09:07:52","slug":"operating-guide","status":"publish","type":"page","link":"https:\/\/andritsainalibrary.gr\/fr\/library\/administration\/operating-guide\/","title":{"rendered":"Guide d&rsquo;utilisation de la biblioth\u00e8que"},"content":{"rendered":"<p><\/p>\n<p style=\"text-align: justify;\"><strong>\u00abGUIDE DE FONCTIONNEMENT INTERNE\u00bb <br \/>\nDE LA BIBLIOTH\u00c8QUE PUBLIQUE HISTORIQUE D&rsquo;ANDRITSAINA<\/strong><\/p>\n<p>L\u2019objectif de la Biblioth\u00e8que Publique Historique d\u2019Andritsaina est la diffusion des connaissances, la promotion de l\u2019\u00e9ducation et de la culture, sans aucune discrimination politique, religieuse, raciale ou autre en permettant l\u2019acc\u00e8s \u00e0 tout type d\u2019information. Elle contribue \u00e0 d\u00e9velopper l\u2019imagination et la cr\u00e9ativit\u00e9, soutient la sensibilisation au patrimoine culturel, les r\u00e9alisations et les innovations scientifiques, en assurant l\u2019acc\u00e8s des citoyens \u00e0 toute information li\u00e9e \u00e0 la communaut\u00e9.<\/p>\n<p>La Biblioth\u00e8que Publique Historique d\u2019Andritsaina ne fonctionne que partiellement comme biblioth\u00e8que de pr\u00eat pour les raisons suivantes :<\/p>\n<ul>\n<li>elle contient des collections pr\u00e9cieuses et rares de KONSTANTINOS -AGATHOFRONAS NIKOLOPOULOS et EVANGELOS KALLIANIOTIS ;<\/li>\n<li>elle abrite des versions uniques ainsi que d&rsquo;autres documents d&rsquo;information qui ne peuvent faire l\u2019objet de pr\u00eat selon le Journal Officiel 09\/\u0392\/13-7-1998, 1328\/\u0392\/12-10-2001, 378\/\u0392\/6-4 2002.\u00a0<\/li>\n<\/ul>\n<p style=\"text-align: justify;\">Tout citoyen a le droit d&rsquo;acc\u00e9der \u00e0 la biblioth\u00e8que.<\/p>\n<p style=\"text-align: justify;\"><strong>Horaires d&rsquo;ouverture :<\/strong> <br \/>\nDu mardi au samedi, sauf les jours f\u00e9ri\u00e9s : de 07h00 \u00e0 15h00 <br \/>\nPour le public : <strong>de 08h00 \u00e0 14h00<\/strong>.<\/p>\n<hr \/>\n<p style=\"text-align: justify;\"><strong>RECHERCHE<\/strong><\/p>\n<p><strong>Article 1<\/strong> <br \/>\nLes versions rares et anciennes et les manuscrits appartenant aux collections cit\u00e9es ci-dessus peuvent \u00eatre \u00e9tudi\u00e9s. Ils peuvent \u00eatre amen\u00e9s dans la salle d\u2019\u00e9tude, apr\u00e8s autorisation et sous la supervision du personnel de la biblioth\u00e8que. La demande du visiteur doit contenir ses coordonn\u00e9es personnelles. Le visiteur doit pr\u00e9senter sa carte d\u2019identit\u00e9. Apr\u00e8s avoir enregistr\u00e9 les donn\u00e9es, l\u2019employ\u00e9 de la biblioth\u00e8que signe et date le formulaire.<\/p>\n<p><strong>Article 2<\/strong> <br \/>\nEn particulier, concernant les collections \u00ab NIKOLOPOULOS \u00bb et \u00ab KALLIANIOTIS \u00bb, les chercheurs peuvent consulter les listes \u00e9tablies par A. Tselalis et la Fondation Nationale de Recherche.<\/p>\n<p><strong>Article 3<\/strong> <br \/>\nLes chercheurs ne peuvent en aucun cas avoir acc\u00e8s direct aux r\u00e9f\u00e9rentiels des livres. Ils doivent s\u2019adresser au fonctionnaire comp\u00e9tent de la biblioth\u00e8que.<\/p>\n<p><strong>Article 4<\/strong> <br \/>\nJuste avant la livraison du livre au lecteur, le fonctionnaire doit v\u00e9rifier son \u00e9tat (usure, nombre de pages, tableaux, cartes, gravures) et lors de la remise, le fonctionnaire doit veiller \u00e0 ce que le livre soit complet.<\/p>\n<p><strong>Article 5<\/strong> <br \/>\nLes photographies et copies de livres rares sont interdites.<\/p>\n<hr \/>\n<p style=\"text-align: justify;\"><strong>PR\u00caT<\/strong><\/p>\n<p><strong>Article 1<\/strong> <br \/>\nChaque visiteur a le droit d&#8217;emprunter un manuscrit, sur pr\u00e9sentation de sa carte d&rsquo;identit\u00e9 ou de son passeport. Ses donn\u00e9es sont sauvegard\u00e9es dans un fichier sp\u00e9cial de la biblioth\u00e8que.<\/p>\n<p><strong>Article 2<\/strong> <br \/>\nLe nombre de livres pr\u00eat\u00e9s \u00e0 un lecteur ne doit pas d\u00e9passer cinq livres par mois.<\/p>\n<p><strong>Article 3<\/strong> <br \/>\nLes \u00e9ditions de luxe, les encyclop\u00e9dies, les dictionnaires, les revues, les journaux et les livres publi\u00e9s avant 1950 ne peuvent \u00eatre emprunt\u00e9s.<\/p>\n<p><strong>Article 4<\/strong> <br \/>\nLes photocopies sont g\u00e9n\u00e9ralement permises, sauf pour les livres rares et pr\u00e9cieux. La photocopie de livres entiers est interdite (loi sur le droit d\u2019auteur).<\/p>\n<p><strong>Article 5<\/strong> <br \/>\nLa salle d&rsquo;\u00e9tude est \u00e0 la disposition du public et des visiteurs pour l&rsquo;utilisation du mat\u00e9riel de la biblioth\u00e8que.<\/p>\n<hr \/>\n<p style=\"text-align: justify;\"><strong>VISITEURS<\/strong><\/p>\n<p><strong>Article 1<\/strong> <br \/>\nLes visiteurs ont l\u2019interdiction d\u2019entrer avec des sacs. Ceux-ci sont d\u00e9pos\u00e9s dans des casiers s\u00e9curis\u00e9s pr\u00e9vus \u00e0 cet effet, \u00e0 l\u2019entr\u00e9e de la biblioth\u00e8que.<\/p>\n<p><strong>Article 2<\/strong> <br \/>\nIl est interdit de fumer dans la biblioth\u00e8que.<\/p>\n<p><strong>Article 3<\/strong> <br \/>\nSeuls, de petits groupes sont autoris\u00e9s \u00e0 visiter la biblioth\u00e8que sous la supervision du personnel.<\/p>\n<hr \/>\n<p style=\"text-align: justify;\"><strong>DONS<\/strong><\/p>\n<p style=\"text-align: justify;\">Les dons importants, compos\u00e9s de nombreux volumes, sont accept\u00e9s apr\u00e8s approbation du Conseil de surveillance.<\/p>\n<hr \/>\n<p style=\"text-align: justify;\"><strong>RETRAIT &#8211; DESTRUCTION DE LIVRES<\/strong><\/p>\n<p style=\"text-align: justify;\">Les livres non utilis\u00e9s pendant un certain temps sont retir\u00e9s par d\u00e9cision du Conseil de surveillance.<\/p>\n<p style=\"text-align: justify;\">Les livres ou mat\u00e9riaux qui ont subi des dommages importants sont d\u00e9truits suite \u00e0 la r\u00e9daction d\u2019un protocole de destruction par le Conseil de surveillance.<\/p>\n<p style=\"text-align: justify;\">\u00a0<\/p>\n<p style=\"text-align: justify;\"><strong>LE CONSEIL DE SURVEILLANCE<\/strong><\/p>\n<p style=\"text-align: justify;\">Georgios Vlasopoulos<br \/>\nTryfonas Tryfonopoulos<br \/>\nStella Thanou<br \/>\nMaria Kondyli<br \/>\nDionysia Vasilopoulou<\/p>\n<p><\/p>","protected":false},"excerpt":{"rendered":"<p>\u00abGUIDE DE FONCTIONNEMENT INTERNE\u00bb DE LA BIBLIOTH\u00c8QUE PUBLIQUE HISTORIQUE D&rsquo;ANDRITSAINA L\u2019objectif de la Biblioth\u00e8que Publique Historique d\u2019Andritsaina est la diffusion des connaissances, la promotion de l\u2019\u00e9ducation et de la culture, sans aucune discrimination politique, religieuse, raciale ou autre en permettant l\u2019acc\u00e8s \u00e0 tout type d\u2019information. Elle contribue \u00e0 d\u00e9velopper l\u2019imagination et la cr\u00e9ativit\u00e9, soutient la [&hellip;]<\/p>\n","protected":false},"author":1,"featured_media":0,"parent":13,"menu_order":0,"comment_status":"closed","ping_status":"closed","template":"","meta":[],"_links":{"self":[{"href":"https:\/\/andritsainalibrary.gr\/fr\/wp-json\/wp\/v2\/pages\/135"}],"collection":[{"href":"https:\/\/andritsainalibrary.gr\/fr\/wp-json\/wp\/v2\/pages"}],"about":[{"href":"https:\/\/andritsainalibrary.gr\/fr\/wp-json\/wp\/v2\/types\/page"}],"author":[{"embeddable":true,"href":"https:\/\/andritsainalibrary.gr\/fr\/wp-json\/wp\/v2\/users\/1"}],"replies":[{"embeddable":true,"href":"https:\/\/andritsainalibrary.gr\/fr\/wp-json\/wp\/v2\/comments?post=135"}],"version-history":[{"count":23,"href":"https:\/\/andritsainalibrary.gr\/fr\/wp-json\/wp\/v2\/pages\/135\/revisions"}],"predecessor-version":[{"id":2273,"href":"https:\/\/andritsainalibrary.gr\/fr\/wp-json\/wp\/v2\/pages\/135\/revisions\/2273"}],"up":[{"embeddable":true,"href":"https:\/\/andritsainalibrary.gr\/fr\/wp-json\/wp\/v2\/pages\/13"}],"wp:attachment":[{"href":"https:\/\/andritsainalibrary.gr\/fr\/wp-json\/wp\/v2\/media?parent=135"}],"curies":[{"name":"wp","href":"https:\/\/api.w.org\/{rel}","templated":true}]}}