{"id":13,"date":"2016-05-09T09:34:14","date_gmt":"2016-05-09T09:34:14","guid":{"rendered":"http:\/\/andritsainalibrary.gr\/cms\/?page_id=13"},"modified":"2025-06-20T12:00:08","modified_gmt":"2025-06-20T09:00:08","slug":"administration","status":"publish","type":"page","link":"https:\/\/andritsainalibrary.gr\/fr\/library\/administration\/","title":{"rendered":"Administration"},"content":{"rendered":"<p><\/p>\n<p style=\"text-align: justify;\">La Biblioth\u00e8que Publique Historique d\u2019Andritsaina est g\u00e9r\u00e9e par le Conseil de surveillance. Le Conseil est nomm\u00e9 par d\u00e9cision du ministre de l&rsquo;Education et des Affaires religieuses publi\u00e9e dans le Journal Officiel, comprenant cinq membres issus des domaines de la culture, de l\u2019enseignement, de l\u2019administration locale, de l\u2019\u00e9glise, des sciences ou de l\u2019industrie. Le mandat de ses membres est de trois ans. Le Conseil de surveillance de la biblioth\u00e8que d\u2019Andritsaina a \u00e9t\u00e9 institu\u00e9 par la d\u00e9cision n\u00b0 77828\/\u03933\/15-5-2015, n\u00b0 de publication en ligne : 7\u039d\u0391\u03a7465\u03a6\u03983-\u039c\u03a9\u0397, GG 411 vol.\u03a5\u039f\u0394\u0394\/9-6-2015 du Minist\u00e8re de l&rsquo;Education.<\/p>\n<p style=\"text-align: justify;\"><strong>CONSEIL DE SURVEILLANCE<\/strong><\/p>\n<p style=\"text-align: justify;\">Composition :<\/p>\n<p style=\"text-align: justify;\">1) Georgios Vlasopoulos, fils de Panagiotis, pr\u00e9sident de la F\u00e9d\u00e9ration grecque des Fabricants, R\u00e9parateurs et Installateurs d\u2019Ascenseurs, pr\u00e9sident du CA de la Conf\u00e9d\u00e9ration Hell\u00e9nique des Professionnels, Artisans et Commer\u00e7ants, Professionnel lib\u00e9ral ; son suppl\u00e9ant est Fotis Konstantopoulos, fonctionnaire du Minist\u00e8re de la Sant\u00e9.<\/p>\n<p style=\"text-align: justify;\">2) Tryfonas Trifonopoulos, fils de Nikolaos, fonctionnaire du Minist\u00e8re de la Culture, de la section des Conservateurs d\u2019Antiquit\u00e9s d\u2019Education Universitaire, vice-pr\u00e9sident ; son suppl\u00e9ant est Nikolaos Sielouli, fils de Georgios, arch\u00e9ologue.<\/p>\n<p style=\"text-align: justify;\">3) Stella Thanou, fille de Stavros, philologue ; son suppl\u00e9ant est Athanasios Kostopoulos, fils de Konstantinos, entrepreneur.<\/p>\n<p style=\"text-align: justify;\">4) Maria Kondyli fille de Georgios, \u00e9tudiante en 4e ann\u00e9e \u00e0 l\u2019Ecole d\u2019Ing\u00e9nieurs en Electrique et Informatique de l\u2019Universit\u00e9 Polytechnique Nationale d&rsquo;Ath\u00e8nes ; son suppl\u00e9ant est Panagiotis Rigas, fils d\u2019Athanasios, ing\u00e9nieur informaticien.<\/p>\n<p style=\"text-align: justify;\">5) Dionysia Vassilopoulou, fille d\u2019Anastasios, retrait\u00e9e du Minist\u00e8re des Finances (Soci\u00e9t\u00e9 Immobili\u00e8re Publique) ; son suppl\u00e9ant est Ioannis Georgakopoulos, fils de Panagiotis.<\/p>\n<p style=\"text-align: justify;\">\u00a0<\/p>\n<p style=\"text-align: justify;\"><strong>Guide d&rsquo;utilisation de la biblioth\u00e8que<\/strong><\/p>\n<p style=\"text-align: justify;\">Cliquez ici pour voir le \u00ab<a href=\"\/library\/administration\/operating-guide\/\">Guide de fonctionnement interne<\/a>\u00bb de la biblioth\u00e8que publique historique d&rsquo;Andritsaina<\/p>\n<p>&nbsp;<\/p>\n<p><\/p>","protected":false},"excerpt":{"rendered":"<p>La Biblioth\u00e8que Publique Historique d\u2019Andritsaina est g\u00e9r\u00e9e par le Conseil de surveillance. Le Conseil est nomm\u00e9 par d\u00e9cision du ministre de l&rsquo;Education et des Affaires religieuses publi\u00e9e dans le Journal Officiel, comprenant cinq membres issus des domaines de la culture, de l\u2019enseignement, de l\u2019administration locale, de l\u2019\u00e9glise, des sciences ou de l\u2019industrie. Le mandat de [&hellip;]<\/p>\n","protected":false},"author":1,"featured_media":0,"parent":7,"menu_order":3,"comment_status":"closed","ping_status":"closed","template":"","meta":[],"_links":{"self":[{"href":"https:\/\/andritsainalibrary.gr\/fr\/wp-json\/wp\/v2\/pages\/13"}],"collection":[{"href":"https:\/\/andritsainalibrary.gr\/fr\/wp-json\/wp\/v2\/pages"}],"about":[{"href":"https:\/\/andritsainalibrary.gr\/fr\/wp-json\/wp\/v2\/types\/page"}],"author":[{"embeddable":true,"href":"https:\/\/andritsainalibrary.gr\/fr\/wp-json\/wp\/v2\/users\/1"}],"replies":[{"embeddable":true,"href":"https:\/\/andritsainalibrary.gr\/fr\/wp-json\/wp\/v2\/comments?post=13"}],"version-history":[{"count":26,"href":"https:\/\/andritsainalibrary.gr\/fr\/wp-json\/wp\/v2\/pages\/13\/revisions"}],"predecessor-version":[{"id":2272,"href":"https:\/\/andritsainalibrary.gr\/fr\/wp-json\/wp\/v2\/pages\/13\/revisions\/2272"}],"up":[{"embeddable":true,"href":"https:\/\/andritsainalibrary.gr\/fr\/wp-json\/wp\/v2\/pages\/7"}],"wp:attachment":[{"href":"https:\/\/andritsainalibrary.gr\/fr\/wp-json\/wp\/v2\/media?parent=13"}],"curies":[{"name":"wp","href":"https:\/\/api.w.org\/{rel}","templated":true}]}}