{"id":1131,"date":"2021-04-19T09:27:47","date_gmt":"2021-04-19T06:27:47","guid":{"rendered":"http:\/\/andritsainalibrary.gr\/?page_id=1131"},"modified":"2025-09-23T09:09:47","modified_gmt":"2025-09-23T06:09:47","slug":"music","status":"publish","type":"page","link":"https:\/\/andritsainalibrary.gr\/fr\/music\/","title":{"rendered":"Introduction"},"content":{"rendered":"<p><\/p>\n<p><em>Pendant un si\u00e8cle, la relation entre Constantin Agathophron Nicolopoulo et la musique \u00e9tait peu connue, non pas parce que la dimension musicale de son \u0153uvre \u00e9tait ignor\u00e9e par la recherche, mais parce que cette dimension avait \u00e9t\u00e9 sous-estim\u00e9e. Ainsi, malgr\u00e9 les informations \u00e9parses publi\u00e9es de temps \u00e0 autre, le musicien Nicolopoulo a d\u00fb attendre Georges Konstantzos (Georgios K. Konstantzos, \u00abConstantin Agathophron Nicolopoulo\u00bb, th\u00e8se de doctorat, Corfou, Universit\u00e9 ionienne, D\u00e9partement d&rsquo;\u00e9tudes musicales, 2009) pour que sa contribution musicale soit reconnue.<\/em><\/p>\n<p><strong>Haris Xanthoudakis, \u00ab Deux compositeurs \u201cnationaux\u201d \u00bb, dans : H. Xanthoudakis \u2013 P. Vlagopoulos \u2013 K. Kardamis \u2013 S. Kourmpana, (\u00e9d.) <em>Histoire de la musique dans la Gr\u00e8ce moderne, vol. I,<\/em> Ath\u00e8nes, \u00c9ditions du Conservatoire d&rsquo;Ath\u00e8nes, 2022), p. 386-418 : 387.<\/strong><\/p>\n<p><img decoding=\"async\" loading=\"lazy\" class=\"size-medium wp-image-1736 aligncenter\" src=\"https:\/\/andritsainalibrary.gr\/cms\/wp-content\/uploads\/exwfyllo-istoria-mousikis-neoteris-elladas-207x300.jpg\" alt=\"\" width=\"207\" height=\"300\" srcset=\"https:\/\/andritsainalibrary.gr\/cms\/wp-content\/uploads\/exwfyllo-istoria-mousikis-neoteris-elladas-207x300.jpg 207w, https:\/\/andritsainalibrary.gr\/cms\/wp-content\/uploads\/exwfyllo-istoria-mousikis-neoteris-elladas.jpg 345w\" sizes=\"(max-width: 207px) 100vw, 207px\" \/><\/p>\n<p>Sans la musique, le r\u00eave de Constantin A. Nicolopoulo de profiter \u00e0 sa r\u00e9gion natale et \u00e0 tous les Grecs reste inachev\u00e9. D\u00e9passant les limites locales d&rsquo;un projet visant \u00e0 restaurer sa vision, le Centre de Recherche et de Documentation du Conservatoire d&rsquo;Ath\u00e8nes aspire \u00e0 tracer une voie pour mettre en valeur son \u0153uvre, avec comme protagonistes de jeunes musiciens et chercheurs grecs et \u00e9trangers.<\/p>\n<p>Ce site intitul\u00e9 \u00abLe monde musical de Constantin Agathophron Nicopoulo\u00bb, pr\u00e9sente les r\u00e9sultats de cette initiative.<\/p>\n<p><img decoding=\"async\" loading=\"lazy\" class=\"alignnone size-full wp-image-1742\" src=\"https:\/\/andritsainalibrary.gr\/cms\/wp-content\/uploads\/logo-diba.png\" alt=\"\" width=\"192\" height=\"190\" \/><img decoding=\"async\" loading=\"lazy\" class=\"alignnone size-full wp-image-1740\" src=\"https:\/\/andritsainalibrary.gr\/cms\/wp-content\/uploads\/elvetikos-syllogos.png\" alt=\"\" width=\"192\" height=\"190\" \/> <img decoding=\"async\" loading=\"lazy\" class=\"alignnone wp-image-2420 size-full\" src=\"https:\/\/andritsainalibrary.gr\/cms\/wp-content\/uploads\/2025\/09\/athens_conservatoire.jpg\" alt=\"\" width=\"191\" height=\"190\" \/>\u00a0<\/p>\n<p><\/p>","protected":false},"excerpt":{"rendered":"<p>Pendant un si\u00e8cle, la relation entre Constantin Agathophron Nicolopoulo et la musique \u00e9tait peu connue, non pas parce que la dimension musicale de son \u0153uvre \u00e9tait ignor\u00e9e par la recherche, mais parce que cette dimension avait \u00e9t\u00e9 sous-estim\u00e9e. Ainsi, malgr\u00e9 les informations \u00e9parses publi\u00e9es de temps \u00e0 autre, le musicien Nicolopoulo a d\u00fb attendre Georges [&hellip;]<\/p>\n","protected":false},"author":101011,"featured_media":0,"parent":0,"menu_order":0,"comment_status":"closed","ping_status":"closed","template":"custom-template.php","meta":[],"_links":{"self":[{"href":"https:\/\/andritsainalibrary.gr\/fr\/wp-json\/wp\/v2\/pages\/1131"}],"collection":[{"href":"https:\/\/andritsainalibrary.gr\/fr\/wp-json\/wp\/v2\/pages"}],"about":[{"href":"https:\/\/andritsainalibrary.gr\/fr\/wp-json\/wp\/v2\/types\/page"}],"author":[{"embeddable":true,"href":"https:\/\/andritsainalibrary.gr\/fr\/wp-json\/wp\/v2\/users\/101011"}],"replies":[{"embeddable":true,"href":"https:\/\/andritsainalibrary.gr\/fr\/wp-json\/wp\/v2\/comments?post=1131"}],"version-history":[{"count":17,"href":"https:\/\/andritsainalibrary.gr\/fr\/wp-json\/wp\/v2\/pages\/1131\/revisions"}],"predecessor-version":[{"id":2424,"href":"https:\/\/andritsainalibrary.gr\/fr\/wp-json\/wp\/v2\/pages\/1131\/revisions\/2424"}],"wp:attachment":[{"href":"https:\/\/andritsainalibrary.gr\/fr\/wp-json\/wp\/v2\/media?parent=1131"}],"curies":[{"name":"wp","href":"https:\/\/api.w.org\/{rel}","templated":true}]}}