{"id":11,"date":"2016-05-09T09:33:52","date_gmt":"2016-05-09T09:33:52","guid":{"rendered":"http:\/\/andritsainalibrary.gr\/cms\/?page_id=11"},"modified":"2025-06-20T11:55:41","modified_gmt":"2025-06-20T08:55:41","slug":"history","status":"publish","type":"page","link":"https:\/\/andritsainalibrary.gr\/fr\/library\/history\/","title":{"rendered":"Donn\u00e9es\thistoriques"},"content":{"rendered":"<p><\/p>\n<p>La biblioth\u00e8que a \u00e9t\u00e9 fond\u00e9e en 1840 suite \u00e0 un don de Konstantinos &#8211; Agathofronas Nikolopoulos. C\u2019est alors que les livres de K. A. Nikolopoulos, dispos\u00e9s dans 47 bo\u00eetes, quittent le 6e \u00e9tage du 12, rue Castiglione \u00e0 Paris pour \u00eatre confi\u00e9s au maire d\u2019Andritsaina, Konstantinos Zarifopoulos, puis, plus tard au ministre de l&rsquo;Education Charalampos Christopoulos, \u00e9galement originaire d\u2019Andritsaina. Les livres sont envoy\u00e9s par voie maritime \u00e0 Nauplie, puis transport\u00e9s \u00e0 dos d\u2019\u00e2ne \u00e0 Andritsaina, capitale de la r\u00e9gion des montagnes d\u2019Olympie. Pendant 39 ans, les livres sont stock\u00e9s dans la petite \u00e9glise d\u2019Agia Varvara.<\/p>\n<p>En <strong>1875<\/strong>, la construction de l&rsquo;\u00e9cole d\u2019Andritsaina est entam\u00e9e sur un terrain offert par Nikolis Mpampadimos et con\u00e7ue par Miltiades Kanellopoulos &#8211; ing\u00e9nieur et professeur de l\u2019Acad\u00e9mie militaire &#8211; en forme de U, avec un espace ouvert sur le c\u00f4t\u00e9 nord-est. Les fonds n\u00e9cessaires ont \u00e9t\u00e9 collect\u00e9s par appel national et gr\u00e2ce \u00e0 un don d\u2019Angelos Giannikesis, consul de Gr\u00e8ce \u00e0 Trieste. Le b\u00e2timent est inaugur\u00e9 en <strong>1879<\/strong> et la <strong>biblioth\u00e8que occupe l\u2019aile ouest du premier \u00e9tage<\/strong>.<\/p>\n<p>Le centre de formation de la r\u00e9gion s\u2019est trouv\u00e9 dans cette b\u00e2tisse durant 150 ans. En <strong>1932<\/strong>, <strong>l\u2019aile nord-est<\/strong> est construite et le b\u00e2timent prend sa forme actuelle.<\/p>\n<p><strong>Depuis 1998, la biblioth\u00e8que est log\u00e9e dans un b\u00e2timent n\u00e9oclassique<\/strong>, \u00e0 c\u00f4t\u00e9 du Gymnasion historique (coll\u00e8ge) d\u2019Andritsaina.<\/p>\n<p><\/p>","protected":false},"excerpt":{"rendered":"<p>La biblioth\u00e8que a \u00e9t\u00e9 fond\u00e9e en 1840 suite \u00e0 un don de Konstantinos &#8211; Agathofronas Nikolopoulos. C\u2019est alors que les livres de K. A. Nikolopoulos, dispos\u00e9s dans 47 bo\u00eetes, quittent le 6e \u00e9tage du 12, rue Castiglione \u00e0 Paris pour \u00eatre confi\u00e9s au maire d\u2019Andritsaina, Konstantinos Zarifopoulos, puis, plus tard au ministre de l&rsquo;Education Charalampos [&hellip;]<\/p>\n","protected":false},"author":1,"featured_media":0,"parent":7,"menu_order":2,"comment_status":"closed","ping_status":"closed","template":"","meta":[],"_links":{"self":[{"href":"https:\/\/andritsainalibrary.gr\/fr\/wp-json\/wp\/v2\/pages\/11"}],"collection":[{"href":"https:\/\/andritsainalibrary.gr\/fr\/wp-json\/wp\/v2\/pages"}],"about":[{"href":"https:\/\/andritsainalibrary.gr\/fr\/wp-json\/wp\/v2\/types\/page"}],"author":[{"embeddable":true,"href":"https:\/\/andritsainalibrary.gr\/fr\/wp-json\/wp\/v2\/users\/1"}],"replies":[{"embeddable":true,"href":"https:\/\/andritsainalibrary.gr\/fr\/wp-json\/wp\/v2\/comments?post=11"}],"version-history":[{"count":8,"href":"https:\/\/andritsainalibrary.gr\/fr\/wp-json\/wp\/v2\/pages\/11\/revisions"}],"predecessor-version":[{"id":2270,"href":"https:\/\/andritsainalibrary.gr\/fr\/wp-json\/wp\/v2\/pages\/11\/revisions\/2270"}],"up":[{"embeddable":true,"href":"https:\/\/andritsainalibrary.gr\/fr\/wp-json\/wp\/v2\/pages\/7"}],"wp:attachment":[{"href":"https:\/\/andritsainalibrary.gr\/fr\/wp-json\/wp\/v2\/media?parent=11"}],"curies":[{"name":"wp","href":"https:\/\/api.w.org\/{rel}","templated":true}]}}