{"id":103,"date":"2016-05-09T12:20:36","date_gmt":"2016-05-09T12:20:36","guid":{"rendered":"http:\/\/andritsainalibrary.gr\/cms\/?page_id=103"},"modified":"2026-01-15T16:01:55","modified_gmt":"2026-01-15T13:01:55","slug":"contact","status":"publish","type":"page","link":"https:\/\/andritsainalibrary.gr\/fr\/contact\/","title":{"rendered":"Contact"},"content":{"rendered":"<p><\/p>\n<div class=\"contentLeft\">\n<p style=\"text-align: left;\"><a href=\"https:\/\/www.google.com\/maps\/place\/37%C2%B029'01.1%22N+21%C2%B054'31.7%22E\/@37.4839308,21.9080839,229m\/data=!3m1!1e3!4m2!3m1!1s0x0:0x0?hl=en-US\" target=\"_blank\" rel=\"noopener\">Biblioth\u00e8que publique historique d&rsquo;Andritsaina<\/a><br \/>\n27061 Andritsaina, \u00c9lide<br \/>\nT\u00e9l. : 2626022242<br \/>\nE-mail : <a href=\"mailto:mail@vivl-andrits.ilei.sch.gr\">mail@vivl-andrits.ilei.sch.gr<\/a><\/p>\n<p>La Biblioth\u00e8que est ouverte au public du mardi au samedi de 8h00 &#8211; 14h00.<\/p>\n<p><iframe loading=\"lazy\" style=\"border: 0;\" src=\"https:\/\/www.google.com\/maps\/embed?pb=!1m14!1m8!1m3!1d998.6556780971051!2d21.9080839!3d37.4839308!3m2!1i1024!2i768!4f13.1!3m3!1m2!1s0x0%3A0x0!2zMzfCsDI5JzAxLjEiTiAyMcKwNTQnMzEuNyJF!5e1!3m2!1sen!2sus!4v1462798991795\" width=\"380\" height=\"380\" frameborder=\"0\" allowfullscreen=\"allowfullscreen\"><\/iframe><\/div>\n<div class=\"contentRight\">\u00a0<\/div>\n<p><\/p>","protected":false},"excerpt":{"rendered":"<p>Biblioth\u00e8que publique historique d&rsquo;Andritsaina 27061 Andritsaina, \u00c9lide T\u00e9l. : 2626022242 E-mail : mail@vivl-andrits.ilei.sch.gr La Biblioth\u00e8que est ouverte au public du mardi au samedi de 8h00 &#8211; 14h00. \u00a0<\/p>\n","protected":false},"author":1,"featured_media":0,"parent":0,"menu_order":0,"comment_status":"closed","ping_status":"closed","template":"","meta":[],"_links":{"self":[{"href":"https:\/\/andritsainalibrary.gr\/fr\/wp-json\/wp\/v2\/pages\/103"}],"collection":[{"href":"https:\/\/andritsainalibrary.gr\/fr\/wp-json\/wp\/v2\/pages"}],"about":[{"href":"https:\/\/andritsainalibrary.gr\/fr\/wp-json\/wp\/v2\/types\/page"}],"author":[{"embeddable":true,"href":"https:\/\/andritsainalibrary.gr\/fr\/wp-json\/wp\/v2\/users\/1"}],"replies":[{"embeddable":true,"href":"https:\/\/andritsainalibrary.gr\/fr\/wp-json\/wp\/v2\/comments?post=103"}],"version-history":[{"count":26,"href":"https:\/\/andritsainalibrary.gr\/fr\/wp-json\/wp\/v2\/pages\/103\/revisions"}],"predecessor-version":[{"id":2577,"href":"https:\/\/andritsainalibrary.gr\/fr\/wp-json\/wp\/v2\/pages\/103\/revisions\/2577"}],"wp:attachment":[{"href":"https:\/\/andritsainalibrary.gr\/fr\/wp-json\/wp\/v2\/media?parent=103"}],"curies":[{"name":"wp","href":"https:\/\/api.w.org\/{rel}","templated":true}]}}