{"id":100,"date":"2016-05-09T12:16:26","date_gmt":"2016-05-09T12:16:26","guid":{"rendered":"http:\/\/andritsainalibrary.gr\/cms\/?page_id=100"},"modified":"2026-01-15T16:00:26","modified_gmt":"2026-01-15T13:00:26","slug":"andritsaina","status":"publish","type":"page","link":"https:\/\/andritsainalibrary.gr\/fr\/andritsaina\/","title":{"rendered":"Andritsaina"},"content":{"rendered":"<p><\/p>\n<p>Andritsaina est une ville m\u00e9di\u00e9vale, construite \u00e0 760 m d&rsquo;altitude dans les contreforts du Mont Lykaion, dont les premi\u00e8res r\u00e9f\u00e9rences datent environ de 900 ap. J-C. Son nom est celui de la belle veuve d\u2019Andrikos Mourmouris, Antrikaina (ou Andritsaina comme il se prononce en patois), qui \u00e9tait la propri\u00e9taire d\u2019un \u00ab\u00a0chani\u00a0\u00bb, une auberge pour le repos des voyageurs (\u00ab\u00a0Chani tis Andritsainas\u00a0\u00bb), autour de laquelle le premier quartier de Andritsaina, Mourmoureika, a \u00e9t\u00e9 construit, \u00e0 l\u2019endroit o\u00f9 se trouve actuellement la fontaine \u00ab\u00a0Trani Vrysi\u00a0\u00bb. Finalement (pendant la p\u00e9riode de la domination franque-v\u00e9nitienne) le quartier s\u2019est \u00e9largi pour devenu une petite ville, qui comptait environ 20 quartiers \u00e0 son apog\u00e9e.<\/p>\n<p>En 1800, Andritsaina \u00e9tait une \u00ab\u00a0chora\u00a0\u00bb importante, un si\u00e8ge de comt\u00e9, comptant de nombreux b\u00e2timents, ateliers et des activit\u00e9s commerciales. Elle a jou\u00e9 un r\u00f4le important \u00e0 la fois lors de la r\u00e9volution d\u2019Orloff, pendant laquelle elle a v\u00e9cu de grands sacrifices et lors de la r\u00e9volution grecque. En effet, en 1826, la ville a \u00e9t\u00e9 d\u00e9truite (incendi\u00e9e) par les troupes d\u2019Ibrahim.<\/p>\n<style type=\"text\/css\">\r\n\t#foogallery-gallery-269_2 .fg-image {\r\n        width: 300px;\r\n    }\r\n<\/style>\r\n\t\t\t\t<div class=\"foogallery foogallery-container foogallery-default foogallery-lightbox-foogallery fg-gutter-10 fg-center fg-default fg-light fg-border-thin fg-shadow-outline fg-loading-default fg-loaded-fade-in fg-caption-hover fg-hover-fade fg-hover-zoom fg-ready\" id=\"foogallery-gallery-269_2\" data-foogallery=\"{&quot;item&quot;:{&quot;showCaptionTitle&quot;:true,&quot;showCaptionDescription&quot;:true},&quot;lazy&quot;:true}\" data-foogallery-lightbox=\"{&quot;thumbs&quot;:&quot;bottom&quot;,&quot;thumbsCaptions&quot;:false,&quot;thumbsBestFit&quot;:false,&quot;thumbsSmall&quot;:false,&quot;thumbsCaptionsAlign&quot;:&quot;default&quot;,&quot;info&quot;:&quot;bottom&quot;,&quot;infoVisible&quot;:true,&quot;infoOverlay&quot;:true,&quot;infoAlign&quot;:&quot;default&quot;,&quot;transition&quot;:&quot;fade&quot;,&quot;hoverButtons&quot;:false,&quot;fitMedia&quot;:false,&quot;noScrollbars&quot;:true,&quot;preserveButtonSpace&quot;:true,&quot;buttons&quot;:{&quot;fullscreen&quot;:true,&quot;info&quot;:true,&quot;thumbs&quot;:false},&quot;video&quot;:{&quot;autoPlay&quot;:true}}\" >\r\n\t<div class=\"fg-item fg-type-image fg-idle\"><figure class=\"fg-item-inner\"><a href=\"https:\/\/andritsainalibrary.gr\/cms\/wp-content\/uploads\/andr-1.jpg\" data-attachment-id=\"271\" data-type=\"image\" class=\"fg-thumb\"><span class=\"fg-image-wrap\"><img width=\"300\" height=\"300\" class=\"skip-lazy fg-image\" data-src-fg=\"https:\/\/andritsainalibrary.gr\/cms\/wp-content\/uploads\/cache\/andr-1\/3852588909.jpg\" src=\"data:image\/svg+xml,%3Csvg%20xmlns%3D%22http%3A%2F%2Fwww.w3.org%2F2000%2Fsvg%22%20width%3D%22300%22%20height%3D%22300%22%20viewBox%3D%220%200%20300%20300%22%3E%3C%2Fsvg%3E\" loading=\"eager\"><\/span><span class=\"fg-image-overlay\"><\/span><\/a><figcaption class=\"fg-caption\"><div class=\"fg-caption-inner\"><\/div><\/figcaption><\/figure><div class=\"fg-loader\"><\/div><\/div><div class=\"fg-item fg-type-image fg-idle\"><figure class=\"fg-item-inner\"><a href=\"https:\/\/andritsainalibrary.gr\/cms\/wp-content\/uploads\/andr-2.jpg\" data-attachment-id=\"272\" data-type=\"image\" class=\"fg-thumb\"><span class=\"fg-image-wrap\"><img width=\"300\" height=\"300\" class=\"skip-lazy fg-image\" data-src-fg=\"https:\/\/andritsainalibrary.gr\/cms\/wp-content\/uploads\/cache\/andr-2\/2926723904.jpg\" src=\"data:image\/svg+xml,%3Csvg%20xmlns%3D%22http%3A%2F%2Fwww.w3.org%2F2000%2Fsvg%22%20width%3D%22300%22%20height%3D%22300%22%20viewBox%3D%220%200%20300%20300%22%3E%3C%2Fsvg%3E\" loading=\"eager\"><\/span><span class=\"fg-image-overlay\"><\/span><\/a><figcaption class=\"fg-caption\"><div class=\"fg-caption-inner\"><\/div><\/figcaption><\/figure><div class=\"fg-loader\"><\/div><\/div><div class=\"fg-item fg-type-image fg-idle\"><figure class=\"fg-item-inner\"><a href=\"https:\/\/andritsainalibrary.gr\/cms\/wp-content\/uploads\/andr-3.jpg\" data-attachment-id=\"273\" data-type=\"image\" class=\"fg-thumb\"><span class=\"fg-image-wrap\"><img width=\"300\" height=\"300\" class=\"skip-lazy fg-image\" data-src-fg=\"https:\/\/andritsainalibrary.gr\/cms\/wp-content\/uploads\/cache\/andr-3\/2537344859.jpg\" src=\"data:image\/svg+xml,%3Csvg%20xmlns%3D%22http%3A%2F%2Fwww.w3.org%2F2000%2Fsvg%22%20width%3D%22300%22%20height%3D%22300%22%20viewBox%3D%220%200%20300%20300%22%3E%3C%2Fsvg%3E\" loading=\"eager\"><\/span><span class=\"fg-image-overlay\"><\/span><\/a><figcaption class=\"fg-caption\"><div class=\"fg-caption-inner\"><\/div><\/figcaption><\/figure><div class=\"fg-loader\"><\/div><\/div><div class=\"fg-item fg-type-image fg-idle\"><figure class=\"fg-item-inner\"><a href=\"https:\/\/andritsainalibrary.gr\/cms\/wp-content\/uploads\/andr-4.jpg\" data-attachment-id=\"274\" data-type=\"image\" class=\"fg-thumb\"><span class=\"fg-image-wrap\"><img width=\"300\" height=\"300\" class=\"skip-lazy fg-image\" data-src-fg=\"https:\/\/andritsainalibrary.gr\/cms\/wp-content\/uploads\/cache\/andr-4\/970287898.jpg\" src=\"data:image\/svg+xml,%3Csvg%20xmlns%3D%22http%3A%2F%2Fwww.w3.org%2F2000%2Fsvg%22%20width%3D%22300%22%20height%3D%22300%22%20viewBox%3D%220%200%20300%20300%22%3E%3C%2Fsvg%3E\" loading=\"eager\"><\/span><span class=\"fg-image-overlay\"><\/span><\/a><figcaption class=\"fg-caption\"><div class=\"fg-caption-inner\"><\/div><\/figcaption><\/figure><div class=\"fg-loader\"><\/div><\/div><\/div>\r\n\n<p>Pendant l&rsquo;entre-deux guerres (1924 &#8211; 1940) Andritsaina a d\u00e9velopp\u00e9 d\u2019importantes activit\u00e9s commerciales, intellectuelles et touristiques (gr\u00e2ce \u00e0 sa proximit\u00e9 au temple d&rsquo;Apollon Epikourios), qui ont repris apr\u00e8s la fin de la Seconde Guerre mondiale pour plusieurs d\u00e9cennies.\u00a0 Ceci est d\u00e9montr\u00e9 par : le fonctionnement des \u00e9coles Primaire et Hell\u00e9nique d\u2019abord, puis Coll\u00e8ge (\u00ab\u00a0Gymnasion\u00a0\u00bb) et Lyc\u00e9e (\u00ab\u00a0Lykeion\u00a0\u00bb), de la Biblioth\u00e8que Nikolopoulios dans l&rsquo;aile nord-est de l\u2019\u00c9cole, des \u00c9coles professionnelles (enseignant la tapisserie, la fabrication du fromage, la couture, la danse, la taille et le greffage des oliviers), l\u2019existence de divers commerces et entreprises, de journaux locaux, associations et clubs et l\u2019implantation de plusieurs services publics. L\u2019\u00e9v\u00e9nement commercial le plus important dans la r\u00e9gion \u00e9tait la foire d\u2019Andritsaina, qui a atteint son apog\u00e9e dans les ann\u00e9es 1950.<\/p>\n<p>De nos jours, la ville est le si\u00e8ge historique de la commune d\u2019Andritsaina-Krestena et jadis le si\u00e8ge de la municipalit\u00e9 de Capodistrienne d\u2019Andritsaina. Elle saura vous \u00e9merveiller avec ses demeures en pierre, ses ruelles pav\u00e9es et sa place centrale avec ses grands arbres et ses vues magnifiques.<\/p>\n<style type=\"text\/css\">\r\n\t#foogallery-gallery-275_2 .fg-image {\r\n        width: 300px;\r\n    }\r\n<\/style>\r\n\t\t\t\t<div class=\"foogallery foogallery-container foogallery-default foogallery-lightbox-foogallery fg-gutter-10 fg-center fg-default fg-light fg-border-thin fg-shadow-outline fg-loading-default fg-loaded-fade-in fg-caption-hover fg-hover-fade fg-hover-zoom fg-ready\" id=\"foogallery-gallery-275_2\" data-foogallery=\"{&quot;item&quot;:{&quot;showCaptionTitle&quot;:true,&quot;showCaptionDescription&quot;:true},&quot;lazy&quot;:true}\" data-foogallery-lightbox=\"{&quot;thumbs&quot;:&quot;bottom&quot;,&quot;thumbsCaptions&quot;:false,&quot;thumbsBestFit&quot;:false,&quot;thumbsSmall&quot;:false,&quot;thumbsCaptionsAlign&quot;:&quot;default&quot;,&quot;info&quot;:&quot;bottom&quot;,&quot;infoVisible&quot;:true,&quot;infoOverlay&quot;:true,&quot;infoAlign&quot;:&quot;default&quot;,&quot;transition&quot;:&quot;fade&quot;,&quot;hoverButtons&quot;:false,&quot;fitMedia&quot;:false,&quot;noScrollbars&quot;:true,&quot;preserveButtonSpace&quot;:true,&quot;buttons&quot;:{&quot;fullscreen&quot;:true,&quot;info&quot;:true,&quot;thumbs&quot;:false},&quot;video&quot;:{&quot;autoPlay&quot;:true}}\" >\r\n\t<div class=\"fg-item fg-type-image fg-idle\"><figure class=\"fg-item-inner\"><a href=\"https:\/\/andritsainalibrary.gr\/cms\/wp-content\/uploads\/andr-5.jpg\" data-attachment-id=\"278\" data-type=\"image\" class=\"fg-thumb\"><span class=\"fg-image-wrap\"><img width=\"300\" height=\"300\" class=\"skip-lazy fg-image\" data-src-fg=\"https:\/\/andritsainalibrary.gr\/cms\/wp-content\/uploads\/cache\/andr-5\/2556492082.jpg\" src=\"data:image\/svg+xml,%3Csvg%20xmlns%3D%22http%3A%2F%2Fwww.w3.org%2F2000%2Fsvg%22%20width%3D%22300%22%20height%3D%22300%22%20viewBox%3D%220%200%20300%20300%22%3E%3C%2Fsvg%3E\" loading=\"eager\"><\/span><span class=\"fg-image-overlay\"><\/span><\/a><figcaption class=\"fg-caption\"><div class=\"fg-caption-inner\"><\/div><\/figcaption><\/figure><div class=\"fg-loader\"><\/div><\/div><div class=\"fg-item fg-type-image fg-idle\"><figure class=\"fg-item-inner\"><a href=\"https:\/\/andritsainalibrary.gr\/cms\/wp-content\/uploads\/andr-6.jpg\" data-attachment-id=\"276\" data-type=\"image\" class=\"fg-thumb\"><span class=\"fg-image-wrap\"><img width=\"300\" height=\"300\" class=\"skip-lazy fg-image\" data-src-fg=\"https:\/\/andritsainalibrary.gr\/cms\/wp-content\/uploads\/cache\/andr-6\/2244452896.jpg\" src=\"data:image\/svg+xml,%3Csvg%20xmlns%3D%22http%3A%2F%2Fwww.w3.org%2F2000%2Fsvg%22%20width%3D%22300%22%20height%3D%22300%22%20viewBox%3D%220%200%20300%20300%22%3E%3C%2Fsvg%3E\" loading=\"eager\"><\/span><span class=\"fg-image-overlay\"><\/span><\/a><figcaption class=\"fg-caption\"><div class=\"fg-caption-inner\"><\/div><\/figcaption><\/figure><div class=\"fg-loader\"><\/div><\/div><div class=\"fg-item fg-type-image fg-idle\"><figure class=\"fg-item-inner\"><a href=\"https:\/\/andritsainalibrary.gr\/cms\/wp-content\/uploads\/andr-7.jpg\" data-attachment-id=\"277\" data-type=\"image\" class=\"fg-thumb\"><span class=\"fg-image-wrap\"><img width=\"300\" height=\"300\" class=\"skip-lazy fg-image\" data-src-fg=\"https:\/\/andritsainalibrary.gr\/cms\/wp-content\/uploads\/cache\/andr-7\/3163106875.jpg\" src=\"data:image\/svg+xml,%3Csvg%20xmlns%3D%22http%3A%2F%2Fwww.w3.org%2F2000%2Fsvg%22%20width%3D%22300%22%20height%3D%22300%22%20viewBox%3D%220%200%20300%20300%22%3E%3C%2Fsvg%3E\" loading=\"eager\"><\/span><span class=\"fg-image-overlay\"><\/span><\/a><figcaption class=\"fg-caption\"><div class=\"fg-caption-inner\"><\/div><\/figcaption><\/figure><div class=\"fg-loader\"><\/div><\/div><div class=\"fg-item fg-type-image fg-idle\"><figure class=\"fg-item-inner\"><a href=\"https:\/\/andritsainalibrary.gr\/cms\/wp-content\/uploads\/andr-2018-5.jpg\" data-attachment-id=\"670\" data-type=\"image\" class=\"fg-thumb\"><span class=\"fg-image-wrap\"><img width=\"300\" height=\"300\" class=\"skip-lazy fg-image\" data-src-fg=\"https:\/\/andritsainalibrary.gr\/cms\/wp-content\/uploads\/cache\/andr-2018-5\/121954223.jpg\" src=\"data:image\/svg+xml,%3Csvg%20xmlns%3D%22http%3A%2F%2Fwww.w3.org%2F2000%2Fsvg%22%20width%3D%22300%22%20height%3D%22300%22%20viewBox%3D%220%200%20300%20300%22%3E%3C%2Fsvg%3E\" loading=\"eager\"><\/span><span class=\"fg-image-overlay\"><\/span><\/a><figcaption class=\"fg-caption\"><div class=\"fg-caption-inner\"><\/div><\/figcaption><\/figure><div class=\"fg-loader\"><\/div><\/div><\/div>\r\n\n<p><strong>LIEUX D\u2019INT\u00c9R\u00caT \u00c0 ANDRITSAINA<\/strong><\/p>\n<p><strong>Biblioth\u00e8que publique historique d\u2019Andritsaina<\/strong> (cf. <a href=\"\/library\/history\/\">\u00a0Donn\u00e9es historiques<\/a>)<\/p>\n<p><strong>\u00c9cole Secondaire historique d\u2019Andritsaina<\/strong><\/p>\n<p>En 1875, la construction de l&rsquo;\u00c9cole d\u2019Andritsaina est entam\u00e9e sur un terrain offert par Nikolis Mpampadimos et con\u00e7ue par Miltiades Kanellopoulos &#8211; Ing\u00e9nieur et professeur de l\u2019Acad\u00e9mie militaire &#8211; en forme de U, avec un espace ouvert sur le c\u00f4t\u00e9 nord-est. Les fonds n\u00e9cessaires ont \u00e9t\u00e9 collect\u00e9s par appel national et gr\u00e2ce \u00e0 un don d\u2019Angelos Giannikesis, Consul de Gr\u00e8ce \u00e0 Trieste. Le b\u00e2timent a \u00e9t\u00e9 inaugur\u00e9 en 1879. Le b\u00e2timent scolaire abritait l&rsquo;\u00e9cole primaire au rez-de-chauss\u00e9e, l\u2019\u00e9cole hell\u00e9nique au premier \u00e9tage et la Biblioth\u00e8que Nikolopoulios dans l&rsquo;aile ouest du premier \u00e9tage. Parmi les premi\u00e8res \u00e9coles secondaires en Gr\u00e8ce, le Gymnasion a \u00e9t\u00e9 fond\u00e9 en 1882 et a commenc\u00e9 \u00e0 fonctionner en 1889 (1re classe).<\/p>\n<p>L\u2019aile NE a \u00e9t\u00e9 construite en 1932 en annexe pour former le b\u00e2timent comme nous le connaissons de nos jours.<\/p>\n<p><strong>Mus\u00e9e du Folklore d\u2019Andritsaina<\/strong><\/p>\n<p>Le Mus\u00e9e du Folklore d\u2019Andritsaina a \u00e9t\u00e9 cr\u00e9\u00e9 en 1981 sur l&rsquo;initiative de \u00ab\u00a0l\u2019Association culturelle des Femmes\u00a0\u00bb. L\u2019initiative de l\u2019Association a \u00e9t\u00e9 renforc\u00e9e par la r\u00e9action imm\u00e9diate des citoyens d\u2019Andritsaina, qui ont r\u00e9uni et offert des objets traditionnels remarquables. Le Mus\u00e9e a \u00e9t\u00e9 log\u00e9 initialement dans la maison de Vangelis Theocharis (\u00e0 c\u00f4t\u00e9 du b\u00e2timent OTE), puis dans le manoir Kanellopoulos, offert par Galini Kanellopoulou \u00e0 cet effet.<\/p>\n<p><strong>B\u00e2timents en pierre &#8211; rues pav\u00e9es<\/strong><\/p>\n<p><strong>\u00c9glises &#8211; Chapelles<\/strong><\/p>\n<p><strong>Fontaines-Th\u00e9\u00e2tre<\/strong><\/p>\n<p>&nbsp;<\/p>\n<p><\/p>","protected":false},"excerpt":{"rendered":"<p>Andritsaina est une ville m\u00e9di\u00e9vale, construite \u00e0 760 m d&rsquo;altitude dans les contreforts du Mont Lykaion, dont les premi\u00e8res r\u00e9f\u00e9rences datent environ de 900 ap. J-C. Son nom est celui de la belle veuve d\u2019Andrikos Mourmouris, Antrikaina (ou Andritsaina comme il se prononce en patois), qui \u00e9tait la propri\u00e9taire d\u2019un \u00ab\u00a0chani\u00a0\u00bb, une auberge pour le [&hellip;]<\/p>\n","protected":false},"author":1,"featured_media":0,"parent":0,"menu_order":0,"comment_status":"closed","ping_status":"closed","template":"","meta":[],"_links":{"self":[{"href":"https:\/\/andritsainalibrary.gr\/fr\/wp-json\/wp\/v2\/pages\/100"}],"collection":[{"href":"https:\/\/andritsainalibrary.gr\/fr\/wp-json\/wp\/v2\/pages"}],"about":[{"href":"https:\/\/andritsainalibrary.gr\/fr\/wp-json\/wp\/v2\/types\/page"}],"author":[{"embeddable":true,"href":"https:\/\/andritsainalibrary.gr\/fr\/wp-json\/wp\/v2\/users\/1"}],"replies":[{"embeddable":true,"href":"https:\/\/andritsainalibrary.gr\/fr\/wp-json\/wp\/v2\/comments?post=100"}],"version-history":[{"count":10,"href":"https:\/\/andritsainalibrary.gr\/fr\/wp-json\/wp\/v2\/pages\/100\/revisions"}],"predecessor-version":[{"id":2575,"href":"https:\/\/andritsainalibrary.gr\/fr\/wp-json\/wp\/v2\/pages\/100\/revisions\/2575"}],"wp:attachment":[{"href":"https:\/\/andritsainalibrary.gr\/fr\/wp-json\/wp\/v2\/media?parent=100"}],"curies":[{"name":"wp","href":"https:\/\/api.w.org\/{rel}","templated":true}]}}